{"id":1325,"date":"2025-01-19T08:12:08","date_gmt":"2025-01-19T08:12:08","guid":{"rendered":"http:\/\/192.168.0.104\/imar-machine\/?post_type=product&#038;p=1325"},"modified":"2025-02-13T06:46:56","modified_gmt":"2025-02-13T06:46:56","slug":"dough-slicer-stacker","status":"publish","type":"product","link":"https:\/\/imar-machine.com\/ru\/product\/dough-slicer-stacker\/","title":{"rendered":"\u041f\u0440\u043e\u043c\u044b\u0448\u043b\u0435\u043d\u043d\u0430\u044f \u041c\u0430\u0448\u0438\u043d\u0430 \u0414\u043b\u044f \u0443\u043a\u043b\u0430\u0434\u043a\u0438 \u043b\u043e\u043c\u0442\u0438\u043a\u043e\u0432 \u0442\u0435\u0441\u0442\u0430"},"content":{"rendered":"<p>\u2013 Inyectar el agitado bateador cuantitativamente en los moldes de papel o moldes para garantizar que la cantidad de masa en cada vaso de papel es consistente. El rejuntado de equipo en general tiene una alta precisi\u00f3n de medici\u00f3n de la funci\u00f3n y puede realizar exacta de lechada de acuerdo a los par\u00e1metros establecidos.<\/p>\n<p><img fetchpriority=\"high\" decoding=\"async\" class=\"alignnone wp-image-1366 size-full\" src=\"https:\/\/imar-machine.com\/wp-content\/uploads\/2025\/01\/4.jpg\" alt=\"industrial dough slice stacker machine\" width=\"800\" height=\"572\" srcset=\"https:\/\/imar-machine.com\/wp-content\/uploads\/2025\/01\/4.jpg 800w, https:\/\/imar-machine.com\/wp-content\/uploads\/2025\/01\/4-300x215.jpg 300w, https:\/\/imar-machine.com\/wp-content\/uploads\/2025\/01\/4-768x549.jpg 768w, https:\/\/imar-machine.com\/wp-content\/uploads\/2025\/01\/4-18x12.jpg 18w, https:\/\/imar-machine.com\/wp-content\/uploads\/2025\/01\/4-600x429.jpg 600w\" sizes=\"(max-width: 800px) 100vw, 800px\" \/><\/p>\n<ul>\n<li>Buen desempe\u00f1o en seguridad, de alta resistencia a la temperatura, la temperatura controlable, y la alta eficiencia de trabajo.<\/li>\n<li>Sistema de horneado:<\/li>\n<li>\u2013 El horno es la parte central de la l\u00ednea de producci\u00f3n. Se adopta la avanzada tecnolog\u00eda de calefacci\u00f3n y puede controlar con precisi\u00f3n la temperatura y el tiempo para asegurarse de que los cupcakes est\u00e1n uniformemente cocido, de color dorado, y suave en el sabor.<\/li>\n<li>\u2013 El sistema de control de temperatura puede controlar la temperatura en el horno en tiempo real y ajustar autom\u00e1ticamente la potencia de calentamiento para asegurar la estabilidad de la temperatura en el horno.<\/li>\n<\/ul>\n<p><img decoding=\"async\" class=\"alignnone wp-image-1367 size-full\" src=\"https:\/\/imar-machine.com\/wp-content\/uploads\/2025\/01\/5.jpg\" alt=\"automatic dough slice stacker machine\" width=\"800\" height=\"572\" srcset=\"https:\/\/imar-machine.com\/wp-content\/uploads\/2025\/01\/5.jpg 800w, https:\/\/imar-machine.com\/wp-content\/uploads\/2025\/01\/5-300x215.jpg 300w, https:\/\/imar-machine.com\/wp-content\/uploads\/2025\/01\/5-768x549.jpg 768w, https:\/\/imar-machine.com\/wp-content\/uploads\/2025\/01\/5-18x12.jpg 18w, https:\/\/imar-machine.com\/wp-content\/uploads\/2025\/01\/5-600x429.jpg 600w\" sizes=\"(max-width: 800px) 100vw, 800px\" \/><\/p>","protected":false},"excerpt":{"rendered":"<p>Sistema de mezcla:<\/p>","protected":false},"featured_media":1369,"comment_status":"open","ping_status":"closed","template":"","meta":{"_acf_changed":false},"product_brand":[],"product_cat":[90,92],"product_tag":[],"class_list":{"0":"post-1325","1":"product","2":"type-product","3":"status-publish","4":"has-post-thumbnail","6":"product_cat-products","7":"product_cat-dough-conveyor","9":"first","10":"instock","11":"shipping-taxable","12":"product-type-simple"},"acf":[],"_links":{"self":[{"href":"https:\/\/imar-machine.com\/ru\/wp-json\/wp\/v2\/product\/1325","targetHints":{"allow":["GET"]}}],"collection":[{"href":"https:\/\/imar-machine.com\/ru\/wp-json\/wp\/v2\/product"}],"about":[{"href":"https:\/\/imar-machine.com\/ru\/wp-json\/wp\/v2\/types\/product"}],"replies":[{"embeddable":true,"href":"https:\/\/imar-machine.com\/ru\/wp-json\/wp\/v2\/comments?post=1325"}],"wp:featuredmedia":[{"embeddable":true,"href":"https:\/\/imar-machine.com\/ru\/wp-json\/wp\/v2\/media\/1369"}],"wp:attachment":[{"href":"https:\/\/imar-machine.com\/ru\/wp-json\/wp\/v2\/media?parent=1325"}],"wp:term":[{"taxonomy":"product_brand","embeddable":true,"href":"https:\/\/imar-machine.com\/ru\/wp-json\/wp\/v2\/product_brand?post=1325"},{"taxonomy":"product_cat","embeddable":true,"href":"https:\/\/imar-machine.com\/ru\/wp-json\/wp\/v2\/product_cat?post=1325"},{"taxonomy":"product_tag","embeddable":true,"href":"https:\/\/imar-machine.com\/ru\/wp-json\/wp\/v2\/product_tag?post=1325"}],"curies":[{"name":"wp","href":"https:\/\/api.w.org\/{rel}","templated":true}]}}