{"id":1322,"date":"2025-01-19T08:12:08","date_gmt":"2025-01-19T08:12:08","guid":{"rendered":"http:\/\/192.168.0.104\/imar-machine\/?post_type=product&#038;p=1322"},"modified":"2025-02-13T06:43:11","modified_gmt":"2025-02-13T06:43:11","slug":"horizontal-mixer","status":"publish","type":"product","link":"https:\/\/imar-machine.com\/ru\/product\/horizontal-mixer\/","title":{"rendered":"\u0413\u043e\u0440\u0438\u0437\u043e\u043d\u0442\u0430\u043b\u044c\u043d\u044b\u0439 \u0422\u0435\u0441\u0442\u043e\u043c\u0435\u0441\u0438\u0442\u0435\u043b\u044c"},"content":{"rendered":"<ul>\n<li>\u0411\u043b\u0430\u0433\u043e\u0434\u0430\u0440\u044f \u0438\u0441\u043f\u043e\u043b\u044c\u0437\u043e\u0432\u0430\u043d\u0438\u044e \u0432\u044b\u0441\u043e\u043a\u043e\u043a\u0430\u0447\u0435\u0441\u0442\u0432\u0435\u043d\u043d\u044b\u0445 \u044d\u043b\u0435\u043a\u0442\u0440\u0438\u0447\u0435\u0441\u043a\u0438\u0445 \u043a\u043e\u043c\u043f\u043e\u043d\u0435\u043d\u0442\u043e\u0432 \u044d\u0442\u0430 \u043c\u0430\u0448\u0438\u043d\u0430 \u0431\u043e\u043b\u0435\u0435 \u0431\u0435\u0437\u043e\u043f\u0430\u0441\u043d\u0430 \u0432 \u0438\u0441\u043f\u043e\u043b\u044c\u0437\u043e\u0432\u0430\u043d\u0438\u0438 \u0438 \u0434\u043e\u043b\u0433\u043e\u0432\u0435\u0447\u043d\u0430.<\/li>\n<li>Buen desempe\u00f1o en seguridad, de alta resistencia a la temperatura, la temperatura controlable, y la alta eficiencia de trabajo.<\/li>\n<li>\u042d\u0442\u0430 \u0442\u0435\u0441\u0442\u043e\u043c\u0435\u0441\u0438\u043b\u044c\u043d\u0430\u044f \u043c\u0430\u0448\u0438\u043d\u0430 \u043f\u0440\u043e\u0441\u0442\u0430 \u0432 \u044d\u043a\u0441\u043f\u043b\u0443\u0430\u0442\u0430\u0446\u0438\u0438<\/li>\n<li>\u2013 El horno es la parte central de la l\u00ednea de producci\u00f3n. Se adopta la avanzada tecnolog\u00eda de calefacci\u00f3n y puede controlar con precisi\u00f3n la temperatura y el tiempo para asegurarse de que los cupcakes est\u00e1n uniformemente cocido, de color dorado, y suave en el sabor.<\/li>\n<li>\u2013 El sistema de control de temperatura puede controlar la temperatura en el horno en tiempo real y ajustar autom\u00e1ticamente la potencia de calentamiento para asegurar la estabilidad de la temperatura en el horno.<\/li>\n<\/ul>","protected":false},"excerpt":{"rendered":"<p>\u042d\u0442\u0430 \u043c\u0430\u0448\u0438\u043d\u0430 \u043f\u043e\u0434\u0445\u043e\u0434\u0438\u0442 \u0434\u043b\u044f \u0437\u0430\u043c\u0435\u0448\u0438\u0432\u0430\u043d\u0438\u044f \u043c\u044f\u0433\u043a\u043e\u0433\u043e \u0438 \u0442\u0432\u0435\u0440\u0434\u043e\u0433\u043e \u0442\u0435\u0441\u0442\u0430. \u041f\u043e\u0441\u043b\u0435 \u0437\u0430\u043c\u0435\u0448\u0438\u0432\u0430\u043d\u0438\u044f \u0442\u0432\u0435\u0440\u0434\u043e\u0435 \u0442\u0435\u0441\u0442\u043e \u0441\u0442\u0430\u043d\u0435\u0442 \u044d\u043b\u0430\u0441\u0442\u0438\u0447\u043d\u044b\u043c \u0438 \u0433\u043b\u0430\u0434\u043a\u0438\u043c. \u041b\u043e\u043f\u0430\u0441\u0442\u044c \u0434\u043b\u044f \u0441\u043c\u0435\u0448\u0438\u0432\u0430\u043d\u0438\u044f \u0438 \u0440\u0435\u0437\u0435\u0440\u0432\u0443\u0430\u0440 \u0438\u0437\u0433\u043e\u0442\u043e\u0432\u043b\u0435\u043d\u044b \u0438\u0437 S \/ S 304, \u0440\u0435\u0437\u0435\u0440\u0432\u0443\u0430\u0440 U-\u043e\u0431\u0440\u0430\u0437\u043d\u043e\u0439 \u0444\u043e\u0440\u043c\u044b \u043f\u043e\u043a\u0440\u044b\u0442 \u0442\u0435\u043f\u043b\u043e\u0438\u0437\u043e\u043b\u044f\u0446\u0438\u043e\u043d\u043d\u043e\u0439 \u043e\u0431\u043e\u043b\u043e\u0447\u043a\u043e\u0439.<\/p>","protected":false},"featured_media":1357,"comment_status":"open","ping_status":"closed","template":"","meta":{"_acf_changed":false},"product_brand":[],"product_cat":[90,91],"product_tag":[],"class_list":{"0":"post-1322","1":"product","2":"type-product","3":"status-publish","4":"has-post-thumbnail","6":"product_cat-products","7":"product_cat-dough-mixer","9":"first","10":"instock","11":"shipping-taxable","12":"product-type-simple"},"acf":[],"_links":{"self":[{"href":"https:\/\/imar-machine.com\/ru\/wp-json\/wp\/v2\/product\/1322","targetHints":{"allow":["GET"]}}],"collection":[{"href":"https:\/\/imar-machine.com\/ru\/wp-json\/wp\/v2\/product"}],"about":[{"href":"https:\/\/imar-machine.com\/ru\/wp-json\/wp\/v2\/types\/product"}],"replies":[{"embeddable":true,"href":"https:\/\/imar-machine.com\/ru\/wp-json\/wp\/v2\/comments?post=1322"}],"wp:featuredmedia":[{"embeddable":true,"href":"https:\/\/imar-machine.com\/ru\/wp-json\/wp\/v2\/media\/1357"}],"wp:attachment":[{"href":"https:\/\/imar-machine.com\/ru\/wp-json\/wp\/v2\/media?parent=1322"}],"wp:term":[{"taxonomy":"product_brand","embeddable":true,"href":"https:\/\/imar-machine.com\/ru\/wp-json\/wp\/v2\/product_brand?post=1322"},{"taxonomy":"product_cat","embeddable":true,"href":"https:\/\/imar-machine.com\/ru\/wp-json\/wp\/v2\/product_cat?post=1322"},{"taxonomy":"product_tag","embeddable":true,"href":"https:\/\/imar-machine.com\/ru\/wp-json\/wp\/v2\/product_tag?post=1322"}],"curies":[{"name":"wp","href":"https:\/\/api.w.org\/{rel}","templated":true}]}}