{"id":1993,"date":"2025-06-17T05:22:28","date_gmt":"2025-06-17T05:22:28","guid":{"rendered":"https:\/\/imar-machine.com\/?post_type=product&#038;p=1993"},"modified":"2025-06-17T11:33:19","modified_gmt":"2025-06-17T11:33:19","slug":"1000pcs-h-wafer-ice-cream-cone-machine-price","status":"publish","type":"product","link":"https:\/\/imar-machine.com\/es\/product\/wafer-ice-cream-cone-machine-price\/","title":{"rendered":"Precio de la m\u00e1quina para fabricar conos de helado de oblea de 1000 piezas\/hora"},"content":{"rendered":"<p>La m\u00e1quina de conos de helado de oblea premium IMAR\u00ae est\u00e1 dise\u00f1ada para satisfacer la creciente demanda mundial de conos de helado crujientes y consistentes. Nuestra m\u00e1quina le ofrece una excelente rentabilidad. Esta m\u00e1quina de conos de oblea de 1000 piezas\/h tiene un precio razonable, ideal para panader\u00edas comerciales, helader\u00edas y fabricantes de alimentos.<\/p>\n<p><img fetchpriority=\"high\" decoding=\"async\" class=\"alignnone wp-image-1994 size-full\" src=\"https:\/\/imar-machine.com\/wp-content\/uploads\/2025\/06\/5.jpg\" alt=\"wafer ice cream cone machine price\" width=\"750\" height=\"600\" srcset=\"https:\/\/imar-machine.com\/wp-content\/uploads\/2025\/06\/5.jpg 750w, https:\/\/imar-machine.com\/wp-content\/uploads\/2025\/06\/5-300x240.jpg 300w, https:\/\/imar-machine.com\/wp-content\/uploads\/2025\/06\/5-15x12.jpg 15w, https:\/\/imar-machine.com\/wp-content\/uploads\/2025\/06\/5-600x480.jpg 600w\" sizes=\"(max-width: 750px) 100vw, 750px\" \/><\/p>\n<p>\u26aaCaracter\u00edsticas clave que influyen en el precio y el valor de su m\u00e1quina para hacer conos de helado de oblea:<\/p>\n<p>Operaci\u00f3n semiautomatizada: Los controles simplificados permiten un entrenamiento r\u00e1pido y un control preciso desde la masa hasta la cocci\u00f3n.<\/p>\n<p>Sistema de cambio r\u00e1pido de moldes: produzca m\u00faltiples tama\u00f1os y formas de conos (tazas para pastel, rollos, conos tradicionales) con moldes ajustables, sin necesidad de m\u00e1quina adicional.<\/p>\n<p>Higi\u00e9nico y compatible: cumple con los est\u00e1ndares internacionales de seguridad alimentaria con superficies f\u00e1ciles de limpiar.<\/p>\n<p>Escalabilidad a prueba de futuro: se integra perfectamente en l\u00edneas de producci\u00f3n en expansi\u00f3n sin necesidad de una gran reinversi\u00f3n.<\/p>\n<p>\u26aa\u00bfPor qu\u00e9 elegir la m\u00e1quina de conos de oblea IMAR\u00ae?<\/p>\n<p>Producci\u00f3n rentable: maximice la producci\u00f3n con capacidades que alcanzan miles de conos por hora, reduciendo el costo por unidad y aumentando la rentabilidad.<\/p>\n<p>Ingenier\u00eda de precisi\u00f3n: garantizamos la consistencia dimensional para una marca uniforme y la satisfacci\u00f3n del cliente.<\/p>\n<p>Bajos costos operativos: El dise\u00f1o energ\u00e9ticamente eficiente con aislamiento avanzado reduce el consumo de energ\u00eda, lo que impacta directamente en la competitividad de precios de su m\u00e1quina para fabricar conos de helado.<\/p>\n<p>Retorno de la inversi\u00f3n r\u00e1pido: la construcci\u00f3n duradera de acero inoxidable 304 de grado alimenticio minimiza los costos de mantenimiento y extiende la vida \u00fatil.<\/p>\n<p><img decoding=\"async\" class=\"alignnone wp-image-1995 size-full\" src=\"https:\/\/imar-machine.com\/wp-content\/uploads\/2025\/06\/4-1.jpg\" alt=\"making ice cream cones machine\" width=\"750\" height=\"748\" srcset=\"https:\/\/imar-machine.com\/wp-content\/uploads\/2025\/06\/4-1.jpg 750w, https:\/\/imar-machine.com\/wp-content\/uploads\/2025\/06\/4-1-300x300.jpg 300w, https:\/\/imar-machine.com\/wp-content\/uploads\/2025\/06\/4-1-150x150.jpg 150w, https:\/\/imar-machine.com\/wp-content\/uploads\/2025\/06\/4-1-12x12.jpg 12w, https:\/\/imar-machine.com\/wp-content\/uploads\/2025\/06\/4-1-600x598.jpg 600w, https:\/\/imar-machine.com\/wp-content\/uploads\/2025\/06\/4-1-100x100.jpg 100w\" sizes=\"(max-width: 750px) 100vw, 750px\" \/><\/p>\n<p>M\u00e1s all\u00e1 del precio de la m\u00e1quina:<\/p>\n<p>Dibujos t\u00e9cnicos gratuitos y soporte de instalaci\u00f3n<\/p>\n<p>Capacitaci\u00f3n integral para operadores<\/p>\n<p>Repuestos y resoluci\u00f3n de problemas a nivel mundial las 24 horas, los 7 d\u00edas de la semana<\/p>\n<p class=\"translation-block\">Request Your Custom Quote Today!<br>\r\nOptimize your wafer ice cream cone machine price with IMAR\u2019s technology. Submit specifications for instant pricing on semi-auto machines matching your output goals.<\/p>\n<p>&nbsp;<\/p>","protected":false},"excerpt":{"rendered":"<p class=\"translation-block\">La m\u00e1quina para fabricar conos de helado de oblea premium IMAR\u00ae est\u00e1 dise\u00f1ada para satisfacer la creciente demanda mundial de conos de helado crujientes y consistentes. Nuestra m\u00e1quina le ofrece un ROI excepcional, con una capacidad de 800 a 1000 piezas\/h, perfecta para panader\u00edas comerciales, helader\u00edas y fabricantes de alimentos.<\/p>","protected":false},"featured_media":1998,"comment_status":"open","ping_status":"closed","template":"","meta":{"_acf_changed":false},"product_brand":[],"product_cat":[90,101],"product_tag":[],"class_list":{"0":"post-1993","1":"product","2":"type-product","3":"status-publish","4":"has-post-thumbnail","6":"product_cat-products","7":"product_cat-cone-machine","9":"first","10":"instock","11":"shipping-taxable","12":"product-type-simple"},"acf":[],"_links":{"self":[{"href":"https:\/\/imar-machine.com\/es\/wp-json\/wp\/v2\/product\/1993","targetHints":{"allow":["GET"]}}],"collection":[{"href":"https:\/\/imar-machine.com\/es\/wp-json\/wp\/v2\/product"}],"about":[{"href":"https:\/\/imar-machine.com\/es\/wp-json\/wp\/v2\/types\/product"}],"replies":[{"embeddable":true,"href":"https:\/\/imar-machine.com\/es\/wp-json\/wp\/v2\/comments?post=1993"}],"wp:featuredmedia":[{"embeddable":true,"href":"https:\/\/imar-machine.com\/es\/wp-json\/wp\/v2\/media\/1998"}],"wp:attachment":[{"href":"https:\/\/imar-machine.com\/es\/wp-json\/wp\/v2\/media?parent=1993"}],"wp:term":[{"taxonomy":"product_brand","embeddable":true,"href":"https:\/\/imar-machine.com\/es\/wp-json\/wp\/v2\/product_brand?post=1993"},{"taxonomy":"product_cat","embeddable":true,"href":"https:\/\/imar-machine.com\/es\/wp-json\/wp\/v2\/product_cat?post=1993"},{"taxonomy":"product_tag","embeddable":true,"href":"https:\/\/imar-machine.com\/es\/wp-json\/wp\/v2\/product_tag?post=1993"}],"curies":[{"name":"wp","href":"https:\/\/api.w.org\/{rel}","templated":true}]}}