{"id":1977,"date":"2025-06-16T11:39:46","date_gmt":"2025-06-16T11:39:46","guid":{"rendered":"https:\/\/imar-machine.com\/?post_type=product&#038;p=1977"},"modified":"2025-06-17T11:34:58","modified_gmt":"2025-06-17T11:34:58","slug":"wafer-ice-cream-cone-making-machine-40-molds","status":"publish","type":"product","link":"https:\/\/imar-machine.com\/es\/product\/cone-machine-40-molds\/","title":{"rendered":"M\u00e1quina para hacer conos de helado de oblea (40 moldes)"},"content":{"rendered":"<p class=\"translation-block\">Esta m\u00e1quina para hacer conos de helado de oblea est\u00e1 dise\u00f1ada para plantas procesadoras de alimentos, cadenas de helados y panader\u00edas de alta gama. Incorpora un sistema de molde modular y una superficie de contacto de acero inoxidable 304 de grado alimenticio para lograr una capacidad de producci\u00f3n en masa estandarizada de 1200 a 1400 conos por hora (40 conos a la vez). Adem\u00e1s, permite una producci\u00f3n totalmente personalizada, solucionando por completo el problema de la falta de flexibilidad de los equipos tradicionales en la industria.<\/p>\n<p><img fetchpriority=\"high\" decoding=\"async\" class=\"alignnone wp-image-1981 size-full\" src=\"https:\/\/imar-machine.com\/wp-content\/uploads\/2025\/06\/4.jpg\" alt=\"semi-automatic 40mold wafer cone machine\" width=\"750\" height=\"600\" srcset=\"https:\/\/imar-machine.com\/wp-content\/uploads\/2025\/06\/4.jpg 750w, https:\/\/imar-machine.com\/wp-content\/uploads\/2025\/06\/4-300x240.jpg 300w, https:\/\/imar-machine.com\/wp-content\/uploads\/2025\/06\/4-15x12.jpg 15w, https:\/\/imar-machine.com\/wp-content\/uploads\/2025\/06\/4-600x480.jpg 600w\" sizes=\"(max-width: 750px) 100vw, 750px\" \/><\/p>\n<p>Core technical advantages of <strong>40 molds wafer cone machine<\/strong>:<br \/>\n\u2699\ufe0f Convenient mold exchange system<\/p>\n<p>Admite el cambio r\u00e1pido de m\u00faltiples moldes (cono\/taza\/coraz\u00f3n\/canasta de flores, etc.) y completa el cambio de molde en 5 minutos.<\/p>\n<p>Special customization capabilities:<\/p>\n<p>Personalizaci\u00f3n de tama\u00f1o: di\u00e1metro 35-120 mm \u00b10,3 mm control de precisi\u00f3n<\/p>\n<p>Personalizaci\u00f3n de textura: patr\u00f3n de cuadr\u00edcula\/patr\u00f3n en espiral\/relieve del logotipo de la marca (profundidad ajustable de 0,5 a 2 mm)<\/p>\n<p>\ud83c\udfed Arquitectura de producci\u00f3n de alta eficiencia<\/p>\n<p>40 moldes: se producen 40 conos en un solo prensado<\/p>\n<p>Sistema de control de temperatura inteligente: el tiempo de precalentamiento de calefacci\u00f3n independiente de tres zonas se acorta a 8 minutos.<\/p>\n<p>Modo de ahorro de energ\u00eda: tecnolog\u00eda patentada de recuperaci\u00f3n de calor residual, bajo consumo de energ\u00eda.<\/p>\n<p>\ud83d\udd30 Estructura segura para los alimentos<\/p>\n<p>Superficie de contacto con alimentos: acero inoxidable 304<\/p>\n<p>Dise\u00f1o antiresiduos: bandeja de escoria inclinada + tanque de aceite extra\u00edble, eficiencia de limpieza aumentada en un 20%.<\/p>","protected":false},"excerpt":{"rendered":"<p class=\"translation-block\">M\u00e1quina industrial para fabricar conos de oblea de 1200 a 1400 rpm para panader\u00edas y marcas: moldes modulares, acero inoxidable 304 apto para uso alimentario, 40 conos por lote, resuelve la brecha de flexibilidad con personalizaci\u00f3n completa.<\/p>","protected":false},"featured_media":1978,"comment_status":"open","ping_status":"closed","template":"","meta":{"_acf_changed":false},"product_brand":[],"product_cat":[90,101],"product_tag":[],"class_list":{"0":"post-1977","1":"product","2":"type-product","3":"status-publish","4":"has-post-thumbnail","6":"product_cat-products","7":"product_cat-cone-machine","9":"first","10":"instock","11":"shipping-taxable","12":"product-type-simple"},"acf":[],"_links":{"self":[{"href":"https:\/\/imar-machine.com\/es\/wp-json\/wp\/v2\/product\/1977","targetHints":{"allow":["GET"]}}],"collection":[{"href":"https:\/\/imar-machine.com\/es\/wp-json\/wp\/v2\/product"}],"about":[{"href":"https:\/\/imar-machine.com\/es\/wp-json\/wp\/v2\/types\/product"}],"replies":[{"embeddable":true,"href":"https:\/\/imar-machine.com\/es\/wp-json\/wp\/v2\/comments?post=1977"}],"wp:featuredmedia":[{"embeddable":true,"href":"https:\/\/imar-machine.com\/es\/wp-json\/wp\/v2\/media\/1978"}],"wp:attachment":[{"href":"https:\/\/imar-machine.com\/es\/wp-json\/wp\/v2\/media?parent=1977"}],"wp:term":[{"taxonomy":"product_brand","embeddable":true,"href":"https:\/\/imar-machine.com\/es\/wp-json\/wp\/v2\/product_brand?post=1977"},{"taxonomy":"product_cat","embeddable":true,"href":"https:\/\/imar-machine.com\/es\/wp-json\/wp\/v2\/product_cat?post=1977"},{"taxonomy":"product_tag","embeddable":true,"href":"https:\/\/imar-machine.com\/es\/wp-json\/wp\/v2\/product_tag?post=1977"}],"curies":[{"name":"wp","href":"https:\/\/api.w.org\/{rel}","templated":true}]}}