{"id":1911,"date":"2025-01-22T11:16:55","date_gmt":"2025-01-22T11:16:55","guid":{"rendered":"https:\/\/imar-machine.com\/?post_type=product&#038;p=1911"},"modified":"2025-05-27T10:54:35","modified_gmt":"2025-05-27T10:54:35","slug":"steel-belt-tunnel-baking-oven-price","status":"publish","type":"product","link":"https:\/\/imar-machine.com\/es\/product\/steel-belt-baking-oven\/","title":{"rendered":"Precio del horno de t\u00fanel de banda de acero"},"content":{"rendered":"<p class=\"translation-block\">The <strong>steel belt tunnel baking oven<\/strong> adopts an integral seamless stainless steel belt, driven by friction of the steel belt roller, equipped with an automatic tension adjustment device, a hot air circulation chamber at the bottom, a high proportion of heat convection, suitable for cookies, cakes, profiteroles, swiss roll baking.<br>\r\nThe maximum width is 1.5m, using premium swiss Sandvik steel belt, combined with Imar three-segment-heat system to ensure the horizontal temperature remain steady. This is the strength that old tunnel oven cannot compete with.(unsteady horizontal temperature<\/p>\n<p><img fetchpriority=\"high\" decoding=\"async\" class=\"alignnone wp-image-1913 size-full\" src=\"https:\/\/imar-machine.com\/wp-content\/uploads\/2025\/05\/5.jpg\" alt=\"steel belt baking tunnel oven for sale\" width=\"750\" height=\"500\" srcset=\"https:\/\/imar-machine.com\/wp-content\/uploads\/2025\/05\/5.jpg 750w, https:\/\/imar-machine.com\/wp-content\/uploads\/2025\/05\/5-300x200.jpg 300w, https:\/\/imar-machine.com\/wp-content\/uploads\/2025\/05\/5-18x12.jpg 18w, https:\/\/imar-machine.com\/wp-content\/uploads\/2025\/05\/5-600x400.jpg 600w\" sizes=\"(max-width: 750px) 100vw, 750px\" \/><\/p>\n<p>\u2605Ventajas principales del horno t\u00fanel de cocci\u00f3n con cinta de acero:<\/p>\n<p><strong>Calentamiento uniforme<\/strong><\/p>\n<p>La correa de acero no tiene juntas y, con la boquilla de aire caliente inferior, la diferencia de temperatura del producto es de \u2264\u00b12 \u2103 (adecuado para galletas y alimentos finos y crujientes).<\/p>\n<p><strong>Ahorro energ\u00e9tico y alta eficiencia<\/strong><\/p>\n<p>La eficiencia de conducci\u00f3n de calor aumenta en un 30% y el tiempo de precalentamiento se acorta en un 40% (debido a que la capacidad t\u00e9rmica de la correa de acero es menor que la de la placa de cadena pesada).<\/p>\n<p><strong>F\u00e1cil de limpiar<\/strong><\/p>\n<p>The integrated steel belt can be equipped with an automatic scraper cleaning system, which meets the requirements of HACCP certification.<\/p>\n<p><img decoding=\"async\" class=\"alignnone wp-image-1914 size-full\" src=\"https:\/\/imar-machine.com\/wp-content\/uploads\/2025\/05\/2-1.jpg\" alt=\"industrial biscuit baking oven price\" width=\"750\" height=\"669\" srcset=\"https:\/\/imar-machine.com\/wp-content\/uploads\/2025\/05\/2-1.jpg 750w, https:\/\/imar-machine.com\/wp-content\/uploads\/2025\/05\/2-1-300x268.jpg 300w, https:\/\/imar-machine.com\/wp-content\/uploads\/2025\/05\/2-1-13x12.jpg 13w, https:\/\/imar-machine.com\/wp-content\/uploads\/2025\/05\/2-1-600x535.jpg 600w\" sizes=\"(max-width: 750px) 100vw, 750px\" \/><\/p>\n<p>Sistema de calentamiento de tres segmentos Imar para garantizar que la temperatura horizontal se mantenga estable. Esta es la ventaja con la que el antiguo horno de t\u00fanel no puede competir.<\/p>\n<p>La marca CE es una marca obligatoria que indica que los productos cumplen con los requisitos de la Uni\u00f3n Europea (t\u00e9cnica y est\u00e1ndar).<\/p>\n<p><img decoding=\"async\" class=\"alignnone wp-image-1915 size-full\" src=\"https:\/\/imar-machine.com\/wp-content\/uploads\/2025\/05\/4.jpg\" alt=\"baking tunnel oven for bakery\" width=\"750\" height=\"500\" srcset=\"https:\/\/imar-machine.com\/wp-content\/uploads\/2025\/05\/4.jpg 750w, https:\/\/imar-machine.com\/wp-content\/uploads\/2025\/05\/4-300x200.jpg 300w, https:\/\/imar-machine.com\/wp-content\/uploads\/2025\/05\/4-18x12.jpg 18w, https:\/\/imar-machine.com\/wp-content\/uploads\/2025\/05\/4-600x400.jpg 600w\" sizes=\"(max-width: 750px) 100vw, 750px\" \/><\/p>\n<p>The baking tunnel oven is widely used in <strong><a href=\"https:\/\/imar-machine.com\/es\/solution\/biscuit-production-line\/\">Automatic Biscuit Production Line<\/a><\/strong> &amp; <a href=\"https:\/\/imar-machine.com\/es\/solution\/bread-line\/\"><strong>Bread Production Line<\/strong><\/a><\/p>","protected":false},"excerpt":{"rendered":"<p class=\"translation-block\">El <strong>horno de t\u00fanel de cinta de acero<\/strong> accionado por fricci\u00f3n del rodillo de cinta de acero, equipado con un dispositivo de ajuste autom\u00e1tico de la tensi\u00f3n, una c\u00e1mara de circulaci\u00f3n de aire caliente en la parte inferior, una alta proporci\u00f3n de convecci\u00f3n de calor, adecuado para hornear galletas, pasteles, profiteroles, brazos suizos.<\/p>","protected":false},"featured_media":1912,"comment_status":"open","ping_status":"closed","template":"","meta":{"_acf_changed":false},"product_brand":[],"product_cat":[90,94],"product_tag":[],"class_list":{"0":"post-1911","1":"product","2":"type-product","3":"status-publish","4":"has-post-thumbnail","6":"product_cat-products","7":"product_cat-baking-tunnel","9":"first","10":"instock","11":"shipping-taxable","12":"product-type-simple"},"acf":[],"_links":{"self":[{"href":"https:\/\/imar-machine.com\/es\/wp-json\/wp\/v2\/product\/1911","targetHints":{"allow":["GET"]}}],"collection":[{"href":"https:\/\/imar-machine.com\/es\/wp-json\/wp\/v2\/product"}],"about":[{"href":"https:\/\/imar-machine.com\/es\/wp-json\/wp\/v2\/types\/product"}],"replies":[{"embeddable":true,"href":"https:\/\/imar-machine.com\/es\/wp-json\/wp\/v2\/comments?post=1911"}],"wp:featuredmedia":[{"embeddable":true,"href":"https:\/\/imar-machine.com\/es\/wp-json\/wp\/v2\/media\/1912"}],"wp:attachment":[{"href":"https:\/\/imar-machine.com\/es\/wp-json\/wp\/v2\/media?parent=1911"}],"wp:term":[{"taxonomy":"product_brand","embeddable":true,"href":"https:\/\/imar-machine.com\/es\/wp-json\/wp\/v2\/product_brand?post=1911"},{"taxonomy":"product_cat","embeddable":true,"href":"https:\/\/imar-machine.com\/es\/wp-json\/wp\/v2\/product_cat?post=1911"},{"taxonomy":"product_tag","embeddable":true,"href":"https:\/\/imar-machine.com\/es\/wp-json\/wp\/v2\/product_tag?post=1911"}],"curies":[{"name":"wp","href":"https:\/\/api.w.org\/{rel}","templated":true}]}}