{"id":1906,"date":"2025-05-22T09:27:52","date_gmt":"2025-05-22T09:27:52","guid":{"rendered":"https:\/\/imar-machine.com\/?post_type=product&#038;p=1906"},"modified":"2025-05-22T11:37:16","modified_gmt":"2025-05-22T11:37:16","slug":"energy-saving-baking-tunnel-oven-for-biscuits","status":"publish","type":"product","link":"https:\/\/imar-machine.com\/es\/product\/energy-saving-baking-tunnel-oven\/","title":{"rendered":"Horno de t\u00fanel de cocci\u00f3n con transportador de placas de cadena de bajo consumo"},"content":{"rendered":"<p class=\"translation-block\">Este <strong>horno t\u00fanel de cocci\u00f3n<\/strong> con transportador de placas de cadena puede resolver los problemas de color de cocci\u00f3n desigual, combusti\u00f3n incompleta causada por presi\u00f3n de aire local inestable en el horno y templado causado por el uso de una sola fila de tubos de fuego; es adecuado para hornear galletas, pan, pasteles, tostadas, pasteles de luna y otras variedades.<\/p>\n<p class=\"translation-block\">Imar unique temperature insulation transmission design installed between the outlet of oven and the output chain.<br>\r\nIt can save The operators do n15% of energy consumption.<br>\r\nIt need to take the risk to get sick due to the heat released from the oven so that minimize the hazard in workplace.<\/p>\n<p>Ventajas del horno t\u00fanel de cocci\u00f3n con transportador:<\/p>\n<p class=\"translation-block\">\u2605PID Air&amp; Gas ratio control System<br>\r\nPID air and gas ratio control system solves the problem that lack of air supply and extinction caused by old oven to ensure the gas is burnt completely. It will stop to supply the gas when reaching target temperature so that the vertical temperature is even.<\/p>\n<p class=\"translation-block\">\u2605Sistema de combusti\u00f3n de tres segmentos<br>\nEl exclusivo sistema de combusti\u00f3n m\u00faltiple patentado mantiene la temperatura horizontal uniforme, garantizando as\u00ed la calidad de los productos horneados y acortando el tiempo de horneado.<\/p>\n<p class=\"translation-block\">\u2605Ahorro de energ\u00eda<br>\nCombinando nuestro dise\u00f1o \u00fanico con dispositivos premium, podemos ahorrar al menos un 15 % de energ\u00eda y funcionar de forma m\u00e1s eficiente.<\/p>\n<p>&nbsp;<\/p>\n<p>&nbsp;<\/p>","protected":false},"excerpt":{"rendered":"<p>Este horno de t\u00fanel de cocci\u00f3n continua con certificaci\u00f3n CE cuenta con control de temperatura multizona (precisi\u00f3n de \u00b11 \u00b0C), sistemas de seguridad avanzados y distribuci\u00f3n uniforme del calor para diversos productos horneados como galletas, panes y pasteles.<\/p>","protected":false},"featured_media":1908,"comment_status":"open","ping_status":"closed","template":"","meta":{"_acf_changed":false},"product_brand":[],"product_cat":[90,94],"product_tag":[],"class_list":{"0":"post-1906","1":"product","2":"type-product","3":"status-publish","4":"has-post-thumbnail","6":"product_cat-products","7":"product_cat-baking-tunnel","9":"first","10":"instock","11":"shipping-taxable","12":"product-type-simple"},"acf":[],"_links":{"self":[{"href":"https:\/\/imar-machine.com\/es\/wp-json\/wp\/v2\/product\/1906","targetHints":{"allow":["GET"]}}],"collection":[{"href":"https:\/\/imar-machine.com\/es\/wp-json\/wp\/v2\/product"}],"about":[{"href":"https:\/\/imar-machine.com\/es\/wp-json\/wp\/v2\/types\/product"}],"replies":[{"embeddable":true,"href":"https:\/\/imar-machine.com\/es\/wp-json\/wp\/v2\/comments?post=1906"}],"wp:featuredmedia":[{"embeddable":true,"href":"https:\/\/imar-machine.com\/es\/wp-json\/wp\/v2\/media\/1908"}],"wp:attachment":[{"href":"https:\/\/imar-machine.com\/es\/wp-json\/wp\/v2\/media?parent=1906"}],"wp:term":[{"taxonomy":"product_brand","embeddable":true,"href":"https:\/\/imar-machine.com\/es\/wp-json\/wp\/v2\/product_brand?post=1906"},{"taxonomy":"product_cat","embeddable":true,"href":"https:\/\/imar-machine.com\/es\/wp-json\/wp\/v2\/product_cat?post=1906"},{"taxonomy":"product_tag","embeddable":true,"href":"https:\/\/imar-machine.com\/es\/wp-json\/wp\/v2\/product_tag?post=1906"}],"curies":[{"name":"wp","href":"https:\/\/api.w.org\/{rel}","templated":true}]}}