{"id":1826,"date":"2025-04-29T10:55:49","date_gmt":"2025-04-29T10:55:49","guid":{"rendered":"https:\/\/imar-machine.com\/?post_type=product&#038;p=1826"},"modified":"2025-07-05T08:49:56","modified_gmt":"2025-07-05T08:49:56","slug":"automatic-maamoul-production-line-solution","status":"publish","type":"product","link":"https:\/\/imar-machine.com\/es\/solution\/automatic-maamoul-production-line\/","title":{"rendered":"Soluci\u00f3n de l\u00ednea de producci\u00f3n autom\u00e1tica de maamoul"},"content":{"rendered":"<p>La l\u00ednea de producci\u00f3n de Maamoul totalmente automatizada es el equipo clave para que las empresas de panader\u00eda aumenten su capacidad de producci\u00f3n y garanticen la calidad. Nuestra l\u00ednea de producci\u00f3n automatizada no solo implementa la inteligencia en todo el proceso, desde la preparaci\u00f3n de la masa hasta el envasado del producto terminado, sino que tambi\u00e9n ayuda a las empresas a superar los obst\u00e1culos de eficiencia de la producci\u00f3n tradicional, estabilizando la capacidad de producci\u00f3n y conservando la textura artesanal.<\/p>\n<p><img fetchpriority=\"high\" decoding=\"async\" class=\"alignnone wp-image-1828 size-full\" src=\"https:\/\/imar-machine.com\/wp-content\/uploads\/2025\/04\/2-1.jpg\" alt=\"Industrial Maamoul Machine Supplier\" width=\"750\" height=\"600\" srcset=\"https:\/\/imar-machine.com\/wp-content\/uploads\/2025\/04\/2-1.jpg 750w, https:\/\/imar-machine.com\/wp-content\/uploads\/2025\/04\/2-1-300x240.jpg 300w, https:\/\/imar-machine.com\/wp-content\/uploads\/2025\/04\/2-1-15x12.jpg 15w, https:\/\/imar-machine.com\/wp-content\/uploads\/2025\/04\/2-1-600x480.jpg 600w\" sizes=\"(max-width: 750px) 100vw, 750px\" \/><\/p>\n<p>Principales ventajas de la l\u00ednea de producci\u00f3n de Maamoul:<\/p>\n<p>\u26aaEl dispositivo de corte de masa impulsado por servomotor puede controlar con precisi\u00f3n el peso de la masa.<\/p>\n<p>\u26aaEl sistema de gesti\u00f3n de recetas integrado de la m\u00e1quina admite el cambio r\u00e1pido de diferentes sabores, ya sea relleno de d\u00e1tiles, sabor a chocolate o sabor a queso, y permite el reemplazo completo del molde y ajustes del proceso.<br \/>\n\u26aaEl cuerpo de acero inoxidable higi\u00e9nico cumple con los est\u00e1ndares de materiales en contacto con alimentos de la FDA y el sistema de limpieza reduce el tiempo de limpieza diario en un 30%, lo que mejora la utilizaci\u00f3n de la m\u00e1quina.<br \/>\n\u26aaPersonalizable: la m\u00e1quina se puede cambiar r\u00e1pidamente entre formas tradicionales como redonda, cuadrada y diamante, y tambi\u00e9n es compatible con necesidades de personalizaci\u00f3n como patrones en relieve y logotipos de texto.<\/p>\n<p><img decoding=\"async\" class=\"alignnone wp-image-1829 size-full\" src=\"https:\/\/imar-machine.com\/wp-content\/uploads\/2025\/04\/3-1.jpg\" alt=\"Machine for making Maamoul\" width=\"750\" height=\"460\" srcset=\"https:\/\/imar-machine.com\/wp-content\/uploads\/2025\/04\/3-1.jpg 750w, https:\/\/imar-machine.com\/wp-content\/uploads\/2025\/04\/3-1-300x184.jpg 300w, https:\/\/imar-machine.com\/wp-content\/uploads\/2025\/04\/3-1-18x12.jpg 18w, https:\/\/imar-machine.com\/wp-content\/uploads\/2025\/04\/3-1-600x368.jpg 600w\" sizes=\"(max-width: 750px) 100vw, 750px\" \/><\/p>\n<p>Ya sea una f\u00e1brica de alimentos a gran escala o una marca de panader\u00eda especializada regional, este conjunto de l\u00ednea de producci\u00f3n puede garantizar la forma uniforme y el llenado completo del producto terminado a trav\u00e9s de un control preciso de par\u00e1metros, sentando una base s\u00f3lida para la reputaci\u00f3n de la marca.<\/p>","protected":false},"excerpt":{"rendered":"<p>Nuestra l\u00ednea de producci\u00f3n autom\u00e1tica de maamoul es perfecta para elaborar reposter\u00eda tradicional de Oriente Medio. Integra tecnolog\u00edas de automatizaci\u00f3n avanzadas para gestionar con precisi\u00f3n tareas como la mezcla y el relleno de la masa, el moldeado y el horneado, ofreciendo una soluci\u00f3n fiable y de alto rendimiento para la producci\u00f3n comercial de maamoul.<\/p>","protected":false},"featured_media":2077,"comment_status":"open","ping_status":"closed","template":"","meta":{"_acf_changed":false},"product_brand":[],"product_cat":[45],"product_tag":[],"class_list":{"0":"post-1826","1":"product","2":"type-product","3":"status-publish","4":"has-post-thumbnail","6":"product_cat-solutions","8":"first","9":"instock","10":"shipping-taxable","11":"product-type-simple"},"acf":[],"_links":{"self":[{"href":"https:\/\/imar-machine.com\/es\/wp-json\/wp\/v2\/product\/1826","targetHints":{"allow":["GET"]}}],"collection":[{"href":"https:\/\/imar-machine.com\/es\/wp-json\/wp\/v2\/product"}],"about":[{"href":"https:\/\/imar-machine.com\/es\/wp-json\/wp\/v2\/types\/product"}],"replies":[{"embeddable":true,"href":"https:\/\/imar-machine.com\/es\/wp-json\/wp\/v2\/comments?post=1826"}],"wp:featuredmedia":[{"embeddable":true,"href":"https:\/\/imar-machine.com\/es\/wp-json\/wp\/v2\/media\/2077"}],"wp:attachment":[{"href":"https:\/\/imar-machine.com\/es\/wp-json\/wp\/v2\/media?parent=1826"}],"wp:term":[{"taxonomy":"product_brand","embeddable":true,"href":"https:\/\/imar-machine.com\/es\/wp-json\/wp\/v2\/product_brand?post=1826"},{"taxonomy":"product_cat","embeddable":true,"href":"https:\/\/imar-machine.com\/es\/wp-json\/wp\/v2\/product_cat?post=1826"},{"taxonomy":"product_tag","embeddable":true,"href":"https:\/\/imar-machine.com\/es\/wp-json\/wp\/v2\/product_tag?post=1826"}],"curies":[{"name":"wp","href":"https:\/\/api.w.org\/{rel}","templated":true}]}}