{"id":1774,"date":"2025-03-25T11:31:17","date_gmt":"2025-03-25T11:31:17","guid":{"rendered":"https:\/\/imar-machine.com\/?post_type=product&#038;p=1774"},"modified":"2025-07-05T07:23:06","modified_gmt":"2025-07-05T07:23:06","slug":"500kg-h-bear-biscuit-production-solution","status":"publish","type":"product","link":"https:\/\/imar-machine.com\/es\/solution\/bear-biscuit-solution\/","title":{"rendered":"500kg\/h Automatic Bear Biscuit Production Line Solution"},"content":{"rendered":"<p>This 500kg\/h<strong> automatic bear biscuit production line<\/strong> with is designed for mass-scale cookie manufacturing, this fully automated system delivers 500kg\/hour of irresistibly cute chocolate-stuffed bear-shaped biscuits, combining precision engineering with biscuits&#8217; charm. IMAR offers various of <a href=\"https:\/\/imar-machine.com\/es\/solution\/biscuit-production-line\/\"><em><strong>biscuit production line<\/strong><\/em><\/a><\/p>\n<p><img fetchpriority=\"high\" decoding=\"async\" class=\"alignnone wp-image-1974 size-full\" src=\"https:\/\/imar-machine.com\/wp-content\/uploads\/2025\/03\/\u6539-2.jpg\" alt=\"automatic bear biscuit production line price\" width=\"750\" height=\"500\" srcset=\"https:\/\/imar-machine.com\/wp-content\/uploads\/2025\/03\/\u6539-2.jpg 750w, https:\/\/imar-machine.com\/wp-content\/uploads\/2025\/03\/\u6539-2-300x200.jpg 300w, https:\/\/imar-machine.com\/wp-content\/uploads\/2025\/03\/\u6539-2-18x12.jpg 18w, https:\/\/imar-machine.com\/wp-content\/uploads\/2025\/03\/\u6539-2-600x400.jpg 600w\" sizes=\"(max-width: 750px) 100vw, 750px\" \/><\/p>\n<p>Ventajas de la l\u00ednea de producci\u00f3n de galletas de oso IMAR:<\/p>\n<p>\u2705 Mezcla inteligente de masa<br \/>\nLa mezcladora de masa de galletas con forma de oso garantiza una consistencia de textura perfecta utilizando proporciones de ingredientes impulsadas por IA, cruciales para mantener formas y sabores de osito uniformes en una producci\u00f3n de gran volumen.<\/p>\n<p>\u2705 Tecnolog\u00eda de moldeo de osos de precisi\u00f3n<br \/>\nLos moldes de acero inoxidable de calidad alimentaria elaboran m\u00e1s de 2000 galletas de osito por hora con huellas de patas y detalles faciales n\u00edtidos, mientras que el corte guiado por l\u00e1ser elimina los defectos de forma.<\/p>\n<p>\u2705 Sistema de inyecci\u00f3n de chocolate<br \/>\nEl mecanismo de llenado patentado de doble boquilla inyecta entre 15 y 25 g de chocolate l\u00edquido en la panza de cada oso con una precisi\u00f3n de 0,1 ml, lo que garantiza una alineaci\u00f3n central sin problemas en todo momento.<\/p>\n<p>\u2705 T\u00fanel de horneado inteligente<br \/>\nEl horno infrarrojo multizona con control de \u00b11\u2103 logra una perfecci\u00f3n de color marr\u00f3n dorado, preservando la delicada silueta del oso y conservando texturas crujientes pero masticables.<\/p>\n<p>V\u00eddeo de la l\u00ednea de producci\u00f3n de galletas Bear:<\/p>\n<p><iframe title=\"Reproductor de video de YouTube\" src=\"https:\/\/www.youtube.com\/embed\/C6rjj6y-NFw?si=564qahLHqXlKyv6y\" width=\"750\" height=\"500\" frameborder=\"0\" allowfullscreen=\"allowfullscreen\"><span data-mce-type=\"bookmark\" style=\"display: inline-block; width: 0px; overflow: hidden; line-height: 0;\" class=\"mce_SELRES_start\"><\/span><\/iframe><\/p>\n<p>Soluciones escalables: Desde instalaciones compactas de 300 kg\/h hasta megaf\u00e1bricas de 1000 kg\/h, nuestra l\u00ednea de galletas de osito rellenas de chocolate se adapta a sus necesidades de producci\u00f3n. \n\ud83c\udf10 Los componentes con certificaci\u00f3n ISO y la monitorizaci\u00f3n del rendimiento mediante IoT garantizan un tiempo de actividad del 99,3 %, ideal para marcas globales de snacks que se dirigen al floreciente mercado de galletas premium para ni\u00f1os.<\/p>\n<p>\ud83d\udd25\u00bfPor qu\u00e9 elegir la m\u00e1quina IMAR?<\/p>\n<p>Retorno de la inversi\u00f3n un 20 % m\u00e1s r\u00e1pido con sistemas t\u00e9rmicos de ahorro energ\u00e9tico<\/p>\n<p>M\u00e1s de 100 dise\u00f1os de moldes de osos personalizables (osos polares, pandas y ositos de peluche disfrazados)<\/p>\n<p>M\u00f3dulos de control de temperatura del chocolate que cumplen con las normas FDA\/UE<\/p>\n<p>&nbsp;<\/p>","protected":false},"excerpt":{"rendered":"<p class=\"translation-block\">L\u00ednea de producci\u00f3n de galletas de osito totalmente autom\u00e1tica, con una producci\u00f3n en masa de 500 kg de galletas de osito por hora, con relleno de chocolate, mermelada, etc. Certificaci\u00f3n ISO22000, control de calidad con un rendimiento del 99,6 %, capacidad de producci\u00f3n diaria de m\u00e1s de 5 toneladas. Consulte ahora para obtener soluciones personalizadas.<\/p>","protected":false},"featured_media":1975,"comment_status":"open","ping_status":"closed","template":"","meta":{"_acf_changed":false},"product_brand":[],"product_cat":[45],"product_tag":[],"class_list":{"0":"post-1774","1":"product","2":"type-product","3":"status-publish","4":"has-post-thumbnail","6":"product_cat-solutions","8":"first","9":"instock","10":"shipping-taxable","11":"product-type-simple"},"acf":[],"_links":{"self":[{"href":"https:\/\/imar-machine.com\/es\/wp-json\/wp\/v2\/product\/1774","targetHints":{"allow":["GET"]}}],"collection":[{"href":"https:\/\/imar-machine.com\/es\/wp-json\/wp\/v2\/product"}],"about":[{"href":"https:\/\/imar-machine.com\/es\/wp-json\/wp\/v2\/types\/product"}],"replies":[{"embeddable":true,"href":"https:\/\/imar-machine.com\/es\/wp-json\/wp\/v2\/comments?post=1774"}],"wp:featuredmedia":[{"embeddable":true,"href":"https:\/\/imar-machine.com\/es\/wp-json\/wp\/v2\/media\/1975"}],"wp:attachment":[{"href":"https:\/\/imar-machine.com\/es\/wp-json\/wp\/v2\/media?parent=1774"}],"wp:term":[{"taxonomy":"product_brand","embeddable":true,"href":"https:\/\/imar-machine.com\/es\/wp-json\/wp\/v2\/product_brand?post=1774"},{"taxonomy":"product_cat","embeddable":true,"href":"https:\/\/imar-machine.com\/es\/wp-json\/wp\/v2\/product_cat?post=1774"},{"taxonomy":"product_tag","embeddable":true,"href":"https:\/\/imar-machine.com\/es\/wp-json\/wp\/v2\/product_tag?post=1774"}],"curies":[{"name":"wp","href":"https:\/\/api.w.org\/{rel}","templated":true}]}}