{"id":1749,"date":"2025-03-18T13:03:57","date_gmt":"2025-03-18T13:03:57","guid":{"rendered":"https:\/\/imar-machine.com\/?post_type=product&#038;p=1749"},"modified":"2025-07-05T07:21:18","modified_gmt":"2025-07-05T07:21:18","slug":"china-children-finger-biscuits-production-solution","status":"publish","type":"product","link":"https:\/\/imar-machine.com\/es\/solution\/finger-biscuit-line\/","title":{"rendered":"Soluci\u00f3n para la producci\u00f3n de galletas de dedo para ni\u00f1os en China"},"content":{"rendered":"<p class=\"translation-block\">La l\u00ednea de producci\u00f3n de galletas de dedo alcanza un 98 % de automatizaci\u00f3n, desde la mezcla de la masa hasta el envasado, lo que permite producir grandes vol\u00famenes de 2000 a 5000 piezas por minuto, manteniendo al mismo tiempo los est\u00e1ndares de seguridad alimentaria. Las galletas de dedo, caracterizadas por su divertida forma de dedo, han ganado una inmensa popularidad en los mercados de refrigerios infantiles gracias a su atractiva apariencia y sus vers\u00e1tiles combinaciones de sabores.<\/p>\n<p><img fetchpriority=\"high\" decoding=\"async\" class=\"alignnone wp-image-1750 size-full\" src=\"https:\/\/imar-machine.com\/wp-content\/uploads\/2025\/03\/1-1.jpg\" alt=\"biscuit finger production line\" width=\"750\" height=\"500\" srcset=\"https:\/\/imar-machine.com\/wp-content\/uploads\/2025\/03\/1-1.jpg 750w, https:\/\/imar-machine.com\/wp-content\/uploads\/2025\/03\/1-1-300x200.jpg 300w, https:\/\/imar-machine.com\/wp-content\/uploads\/2025\/03\/1-1-18x12.jpg 18w, https:\/\/imar-machine.com\/wp-content\/uploads\/2025\/03\/1-1-600x400.jpg 600w\" sizes=\"(max-width: 750px) 100vw, 750px\" \/><\/p>\n<p>La l\u00ednea completa de producci\u00f3n de galletas de dedo incluye estos componentes esenciales:<\/p>\n<ol start=\"1\">\n<li>Vertical dough mixer &#8211; For homogeneous ingredient blending<\/li>\n<li>Conveyor-integrated dough cutting machine<\/li>\n<li>Triple-roller sheeting system<\/li>\n<li>Precision gauge rollers<\/li>\n<li>Rotary cutting apparatus<\/li>\n<li>Product separation unit<\/li>\n<li>Intelligent transfer conveyor<\/li>\n<li>Hybrid gas-fired baking oven<\/li>\n<li>Automated peeling mechanism<\/li>\n<li>Oil filtration and spraying system<\/li>\n<li>Linear cooling conveyor<\/li>\n<li>Packing machine<\/li>\n<\/ol>\n<p><img decoding=\"async\" class=\"alignnone wp-image-2070 size-full\" src=\"https:\/\/imar-machine.com\/wp-content\/uploads\/2025\/03\/5-4.jpg\" alt=\"finger-shaped children biscuit making machine price\" width=\"750\" height=\"612\" srcset=\"https:\/\/imar-machine.com\/wp-content\/uploads\/2025\/03\/5-4.jpg 750w, https:\/\/imar-machine.com\/wp-content\/uploads\/2025\/03\/5-4-300x245.jpg 300w, https:\/\/imar-machine.com\/wp-content\/uploads\/2025\/03\/5-4-15x12.jpg 15w, https:\/\/imar-machine.com\/wp-content\/uploads\/2025\/03\/5-4-600x490.jpg 600w\" sizes=\"(max-width: 750px) 100vw, 750px\" \/><\/p>\n<p>Nuestra l\u00ednea de producci\u00f3n de galletas presenta un dise\u00f1o innovador, una estructura compacta y un alto nivel de automatizaci\u00f3n. Todos los procesos, desde la mezcla de harina, el moldeado, el reciclaje de residuos, el horneado hasta el enfriamiento, se pueden automatizar de forma continua. Cientos de moldes y docenas de f\u00f3rmulas de proceso permiten producir una variedad de galletas, como galletas de crema, galletas de s\u00e1ndwich, galletas de soda, galletas de jengibre, galletas Mar\u00eda, etc.<\/p>\n<p>&nbsp;<\/p>","protected":false},"excerpt":{"rendered":"<p class=\"translation-block\">Esta soluci\u00f3n para la producci\u00f3n de galletas de dedo, dise\u00f1ada, desarrollada y producida por nuestra empresa, se utiliza principalmente para la fabricaci\u00f3n autom\u00e1tica de galletas. La l\u00ednea de producci\u00f3n completa incluye el procesamiento de la materia prima, la mezcla de la masa, el formado de las galletas, el horneado, el enfriamiento y el envasado de las galletas, entre otras <a href=\"https:\/\/imar-machine.com\/es\/solution\/biscuit-production-line\/\" target=\"_self\"><em><strong>m\u00e1quinas autom\u00e1ticas para hacer galletas<\/strong><\/em><\/a>.<\/p>","protected":false},"featured_media":2069,"comment_status":"open","ping_status":"closed","template":"","meta":{"_acf_changed":false},"product_brand":[],"product_cat":[45,98],"product_tag":[],"class_list":{"0":"post-1749","1":"product","2":"type-product","3":"status-publish","4":"has-post-thumbnail","6":"product_cat-solutions","7":"product_cat-biscuit-production-line","9":"first","10":"instock","11":"shipping-taxable","12":"product-type-simple"},"acf":[],"_links":{"self":[{"href":"https:\/\/imar-machine.com\/es\/wp-json\/wp\/v2\/product\/1749","targetHints":{"allow":["GET"]}}],"collection":[{"href":"https:\/\/imar-machine.com\/es\/wp-json\/wp\/v2\/product"}],"about":[{"href":"https:\/\/imar-machine.com\/es\/wp-json\/wp\/v2\/types\/product"}],"replies":[{"embeddable":true,"href":"https:\/\/imar-machine.com\/es\/wp-json\/wp\/v2\/comments?post=1749"}],"wp:featuredmedia":[{"embeddable":true,"href":"https:\/\/imar-machine.com\/es\/wp-json\/wp\/v2\/media\/2069"}],"wp:attachment":[{"href":"https:\/\/imar-machine.com\/es\/wp-json\/wp\/v2\/media?parent=1749"}],"wp:term":[{"taxonomy":"product_brand","embeddable":true,"href":"https:\/\/imar-machine.com\/es\/wp-json\/wp\/v2\/product_brand?post=1749"},{"taxonomy":"product_cat","embeddable":true,"href":"https:\/\/imar-machine.com\/es\/wp-json\/wp\/v2\/product_cat?post=1749"},{"taxonomy":"product_tag","embeddable":true,"href":"https:\/\/imar-machine.com\/es\/wp-json\/wp\/v2\/product_tag?post=1749"}],"curies":[{"name":"wp","href":"https:\/\/api.w.org\/{rel}","templated":true}]}}