{"id":1715,"date":"2025-07-10T12:56:19","date_gmt":"2025-07-10T12:56:19","guid":{"rendered":"https:\/\/imar-machine.com\/?post_type=product&#038;p=1715"},"modified":"2025-07-12T12:25:39","modified_gmt":"2025-07-12T12:25:39","slug":"industrial-toast-bread-production-line","status":"publish","type":"product","link":"https:\/\/imar-machine.com\/es\/solution\/toast-production-line\/","title":{"rendered":"L\u00ednea de producci\u00f3n industrial de pan tostado\/pan de molde"},"content":{"rendered":"<p>The fully <strong>automatic toast bread production line<\/strong> Es un sistema de producci\u00f3n moderno dise\u00f1ado para empresas de panader\u00eda medianas y grandes, as\u00ed como para cocinas centrales. Integra el suministro de materia prima, el procesamiento de la masa, la fermentaci\u00f3n y el horneado, el rebanado y el envasado, y automatiza completamente el proceso, desde la harina hasta el pan tostado. La m\u00e1quina IMAR tambi\u00e9n ofrece otras opciones. <a href=\"https:\/\/imar-machine.com\/es\/solution\/bread-line\/\"><em><strong>Industrial De Pan De La L\u00ednea De Producci\u00f3n<\/strong><\/em><\/a><\/p>\n<p><img fetchpriority=\"high\" decoding=\"async\" class=\"alignnone wp-image-2052 size-full\" src=\"https:\/\/imar-machine.com\/wp-content\/uploads\/2025\/03\/\u65b02.jpg\" alt=\"bread bakery production line supplier\" width=\"750\" height=\"750\" srcset=\"https:\/\/imar-machine.com\/wp-content\/uploads\/2025\/03\/\u65b02.jpg 750w, https:\/\/imar-machine.com\/wp-content\/uploads\/2025\/03\/\u65b02-300x300.jpg 300w, https:\/\/imar-machine.com\/wp-content\/uploads\/2025\/03\/\u65b02-150x150.jpg 150w, https:\/\/imar-machine.com\/wp-content\/uploads\/2025\/03\/\u65b02-12x12.jpg 12w, https:\/\/imar-machine.com\/wp-content\/uploads\/2025\/03\/\u65b02-700x700.jpg 700w, https:\/\/imar-machine.com\/wp-content\/uploads\/2025\/03\/\u65b02-600x600.jpg 600w, https:\/\/imar-machine.com\/wp-content\/uploads\/2025\/03\/\u65b02-100x100.jpg 100w\" sizes=\"(max-width: 750px) 100vw, 750px\" \/><\/p>\n<p class=\"translation-block\">Esta <strong>l\u00ednea de producci\u00f3n de pan<\/strong> adopta un dise\u00f1o de sistema CNC completamente autom\u00e1tico, que cubre todo el proceso desde la mezcla de la masa, la segmentaci\u00f3n y el modelado, la fermentaci\u00f3n y el horneado hasta el enfriamiento y el envasado, y es adecuada para las necesidades de empresas de procesamiento de alimentos medianas y grandes.<\/p>\n<p>Equipado con sensores inteligentes de temperatura y humedad y sistemas de control PLC para controlar con precisi\u00f3n par\u00e1metros centrales como el tiempo de fermentaci\u00f3n y la temperatura de horneado, asegurando que cada lote de productos tenga un color dorado, una textura delicada y un sabor suave y consistente, reduciendo en gran medida el error de intervenci\u00f3n manual.<\/p>\n<p><img decoding=\"async\" class=\"alignnone wp-image-1891 size-full\" src=\"https:\/\/imar-machine.com\/wp-content\/uploads\/2025\/03\/3-4.jpg\" alt=\"production of toast bread\" width=\"750\" height=\"496\" srcset=\"https:\/\/imar-machine.com\/wp-content\/uploads\/2025\/03\/3-4.jpg 750w, https:\/\/imar-machine.com\/wp-content\/uploads\/2025\/03\/3-4-300x198.jpg 300w, https:\/\/imar-machine.com\/wp-content\/uploads\/2025\/03\/3-4-18x12.jpg 18w, https:\/\/imar-machine.com\/wp-content\/uploads\/2025\/03\/3-4-600x397.jpg 600w\" sizes=\"(max-width: 750px) 100vw, 750px\" \/><\/p>\n<p>The whole toast bread production machine is made of 304 stainless steel and fully complies with HACCP, FDA and ISO hygiene standards. The corrosion-resistant surface ensures zero risk of contamination and ensures long-term food safety.<\/p>\n<p>\u26aaIntelligent customization<\/p>\n<p>Adjust the thickness of the toast (8-25 mm), weight (300-1200 g) and number of slices through the Panasonic PLC touch screen (pre-installed English\/Arabic interface; other languages \u200b\u200bsupported).<\/p>\n<p>The gentle dough handling system simulates manual kneading technology to maintain gluten integrity for a consistent crumb texture and handmade flavor. The modular design allows for quick replacement of spare parts to minimize downtime.<\/p>\n<p>\u26aaHigh-speed and accurate output<br \/>\nIf making 900-1000 g toast, the output is 4500 per hour<br \/>\nThe weight tolerance of \u00b11.5% ensures compliance with portion control requirements.<\/p>\n<p><img decoding=\"async\" class=\"alignnone wp-image-1717 size-full\" src=\"https:\/\/imar-machine.com\/wp-content\/uploads\/2025\/03\/2.jpg\" alt=\"industrial bread toast making machine\" width=\"750\" height=\"500\" srcset=\"https:\/\/imar-machine.com\/wp-content\/uploads\/2025\/03\/2.jpg 750w, https:\/\/imar-machine.com\/wp-content\/uploads\/2025\/03\/2-300x200.jpg 300w, https:\/\/imar-machine.com\/wp-content\/uploads\/2025\/03\/2-18x12.jpg 18w, https:\/\/imar-machine.com\/wp-content\/uploads\/2025\/03\/2-600x400.jpg 600w\" sizes=\"(max-width: 750px) 100vw, 750px\" \/><\/p>\n<p>La l\u00ednea autom\u00e1tica de producci\u00f3n de tostadas adopta una estructura modular, permite un ajuste r\u00e1pido de la configuraci\u00f3n del equipo y de los par\u00e1metros de producci\u00f3n, produce con flexibilidad pan tostado de diversas especificaciones (como cuadrado, monta\u00f1oso, rebanado, etc.) y es compatible con productos diferenciados con ingredientes auxiliares como frutos secos. Es perfecta para elaborar diferentes tipos de pan.<\/p>\n<p>IMAR provides two tunnel ovens for bakery: <a href=\"https:\/\/imar-machine.com\/es\/product\/gas-biscuit-baking-tunnel-oven\/\"><strong>Hybrid oven<\/strong><\/a>\u00a0 and <a href=\"https:\/\/imar-machine.com\/es\/product\/electric-oven\/\"><strong>Hot air circulation oven<\/strong><\/a><\/p>\n<p>El proceso de horneado est\u00e1 equipado con un horno de t\u00fanel de m\u00faltiples capas, que cumple con los requisitos de calentamiento uniforme de panes de diferentes pesos en gramos a trav\u00e9s del control de zona de temperatura independiente, y admite la cocci\u00f3n con bajo contenido de az\u00facar, trigo integral y otras f\u00f3rmulas saludables, lo que ayuda a las empresas a responder r\u00e1pidamente a las necesidades diversificadas del mercado.<\/p>\n<p class=\"translation-block\">V\u00eddeo de la <strong>l\u00ednea autom\u00e1tica de producci\u00f3n de tostadas<\/strong>:<\/p>\n<p><iframe title=\"Reproductor de video de YouTube\" src=\"https:\/\/www.youtube.com\/embed\/yyMh786-_XM?si=e9WSayfi02joU38P\" width=\"750\" height=\"500\" frameborder=\"0\" allowfullscreen=\"allowfullscreen\"><span data-mce-type=\"bookmark\" style=\"display: inline-block; width: 0px; overflow: hidden; line-height: 0;\" class=\"mce_SELRES_start\"><\/span><\/iframe><\/p>","protected":false},"excerpt":{"rendered":"<p class=\"translation-block\">La l\u00ednea de producci\u00f3n industrial de pan tostado produce diferentes tipos de pan tostado. La capacidad de producci\u00f3n var\u00eda ligeramente seg\u00fan el peso del pan. Actualmente, esta l\u00ednea puede producir 4500 piezas de pan de 900 a 1000 gramos por hora.<\/p>","protected":false},"featured_media":2051,"comment_status":"open","ping_status":"closed","template":"","meta":{"_acf_changed":false},"product_brand":[],"product_cat":[45],"product_tag":[],"class_list":{"0":"post-1715","1":"product","2":"type-product","3":"status-publish","4":"has-post-thumbnail","6":"product_cat-solutions","8":"first","9":"instock","10":"shipping-taxable","11":"product-type-simple"},"acf":[],"_links":{"self":[{"href":"https:\/\/imar-machine.com\/es\/wp-json\/wp\/v2\/product\/1715","targetHints":{"allow":["GET"]}}],"collection":[{"href":"https:\/\/imar-machine.com\/es\/wp-json\/wp\/v2\/product"}],"about":[{"href":"https:\/\/imar-machine.com\/es\/wp-json\/wp\/v2\/types\/product"}],"replies":[{"embeddable":true,"href":"https:\/\/imar-machine.com\/es\/wp-json\/wp\/v2\/comments?post=1715"}],"wp:featuredmedia":[{"embeddable":true,"href":"https:\/\/imar-machine.com\/es\/wp-json\/wp\/v2\/media\/2051"}],"wp:attachment":[{"href":"https:\/\/imar-machine.com\/es\/wp-json\/wp\/v2\/media?parent=1715"}],"wp:term":[{"taxonomy":"product_brand","embeddable":true,"href":"https:\/\/imar-machine.com\/es\/wp-json\/wp\/v2\/product_brand?post=1715"},{"taxonomy":"product_cat","embeddable":true,"href":"https:\/\/imar-machine.com\/es\/wp-json\/wp\/v2\/product_cat?post=1715"},{"taxonomy":"product_tag","embeddable":true,"href":"https:\/\/imar-machine.com\/es\/wp-json\/wp\/v2\/product_tag?post=1715"}],"curies":[{"name":"wp","href":"https:\/\/api.w.org\/{rel}","templated":true}]}}