{"id":1656,"date":"2025-07-10T02:41:09","date_gmt":"2025-07-10T02:41:09","guid":{"rendered":"http:\/\/imar-machine.com\/?post_type=product&#038;p=1656"},"modified":"2025-08-15T10:28:59","modified_gmt":"2025-08-15T10:28:59","slug":"multifunctional-biscuit-production-line","status":"publish","type":"product","link":"https:\/\/imar-machine.com\/es\/solution\/biscuit-production-line\/","title":{"rendered":"L\u00ednea de producci\u00f3n de galletas multifuncional"},"content":{"rendered":"<p class=\"translation-block\">Toda la l\u00ednea de producci\u00f3n de galletas est\u00e1 fabricada en acero inoxidable de grado alimenticio, resistente a la corrosi\u00f3n y f\u00e1cil de limpiar. Su innovador dise\u00f1o de estructura elevada, con la parte inferior del equipo a una altura de 150-200 mm, y la disposici\u00f3n del motor en la parte trasera, eliminan por completo los puntos ciegos de higiene, cumpliendo con los estrictos requisitos de la industria alimentaria para una producci\u00f3n limpia.<\/p>\n<p><img fetchpriority=\"high\" decoding=\"async\" class=\"alignnone wp-image-2101 size-full\" src=\"https:\/\/imar-machine.com\/wp-content\/uploads\/2025\/07\/biscuit-forming.jpg\" alt=\"biscuit forming machine for sale\" width=\"750\" height=\"560\" srcset=\"https:\/\/imar-machine.com\/wp-content\/uploads\/2025\/07\/biscuit-forming.jpg 750w, https:\/\/imar-machine.com\/wp-content\/uploads\/2025\/07\/biscuit-forming-300x224.jpg 300w, https:\/\/imar-machine.com\/wp-content\/uploads\/2025\/07\/biscuit-forming-16x12.jpg 16w, https:\/\/imar-machine.com\/wp-content\/uploads\/2025\/07\/biscuit-forming-600x448.jpg 600w\" sizes=\"(max-width: 750px) 100vw, 750px\" \/><\/p>\n<p>This biscuit production line is widely used in central kitchens, bakery chain brands, casual food processing plants and other scenarios, supporting small batch multi-species and large-scale standardized production mode. By reducing labor cost, improving consistency and reducing energy consumption, it can help customers shorten the return on investment cycle and quickly capture market share.<\/p>\n<p>Las l\u00edneas de producci\u00f3n de galletas grandes se pueden utilizar para producir galletas de varios sabores y formas, incluidas galletas crujientes, duras, galletas de soda, galletas con forma de letra, galletas de s\u00e1ndwich, galletas de jengibre, galletas con forma de animales, etc. <strong>crispy, tough, soda biscuits, letter-shaped biscuits, sandwich biscuits, ginger biscuits, animal-shaped biscuits<\/strong>, etc.<\/p>\n<p><img decoding=\"async\" class=\"alignnone wp-image-1714 size-full\" src=\"https:\/\/imar-machine.com\/wp-content\/uploads\/2025\/02\/10.jpg\" alt=\"industrial biscuit production line\" width=\"750\" height=\"260\" srcset=\"https:\/\/imar-machine.com\/wp-content\/uploads\/2025\/02\/10.jpg 750w, https:\/\/imar-machine.com\/wp-content\/uploads\/2025\/02\/10-300x104.jpg 300w, https:\/\/imar-machine.com\/wp-content\/uploads\/2025\/02\/10-18x6.jpg 18w, https:\/\/imar-machine.com\/wp-content\/uploads\/2025\/02\/10-600x208.jpg 600w\" sizes=\"(max-width: 750px) 100vw, 750px\" \/><\/p>\n<p>La l\u00ednea de producci\u00f3n industrial de galletas se compone de una m\u00e1quina formadora de galletas, un horno el\u00e9ctrico de circulaci\u00f3n de aire caliente de t\u00fanel, un pulverizador de aceite, un torneado, una l\u00ednea de enfriamiento, una clasificadora de galletas, una m\u00e1quina para preparar s\u00e1ndwiches de galletas y una mesa de envasado. Toda la l\u00ednea est\u00e1 controlada por un m\u00f3dulo de CPU, un motor de accionamiento trasero, una estructura compacta y un alto grado de automatizaci\u00f3n.<\/p>\n<p class=\"translation-block\">Nuestra <a href=\"https:\/\/imar-machine.com\/es\/product\/biscuit-roller-molding-machine\/\" target=\"_self\"><em><strong>m\u00e1quina formadora de rodillos para galletas<\/strong><\/em><\/a> est\u00e1 dise\u00f1ada para una alta producci\u00f3n y es la base de una calidad constante y una excelente eficiencia en el proceso de producci\u00f3n de galletas. Puede moldear la masa profesionalmente en galletas perfectamente formadas y uniformes con una velocidad y precisi\u00f3n asombrosas.<\/p>\n<p class=\"translation-block\">A trav\u00e9s de un control preciso de par\u00e1metros, el <strong>horno para hornear galletas<\/strong> puede adaptarse con precisi\u00f3n a los requisitos de alta ductilidad de las galletas duras (como las galletas de animales), las caracter\u00edsticas de bajo procesamiento de gluten de las galletas de mantequilla (como las galletas) y el proceso de fermentaci\u00f3n de las galletas de soda.<\/p>\n<p><a href=\"https:\/\/imar-machine.com\/es\/product\/gas-biscuit-baking-tunnel-oven\/\"><strong>Horno industrial para hornear galletas<\/strong><\/a>:<\/p>\n<p><img decoding=\"async\" class=\"alignnone wp-image-2049 size-full\" src=\"https:\/\/imar-machine.com\/wp-content\/uploads\/2025\/02\/2-2.jpg\" alt=\"industrial biscuit baking tunnel oven\" width=\"750\" height=\"460\" srcset=\"https:\/\/imar-machine.com\/wp-content\/uploads\/2025\/02\/2-2.jpg 750w, https:\/\/imar-machine.com\/wp-content\/uploads\/2025\/02\/2-2-300x184.jpg 300w, https:\/\/imar-machine.com\/wp-content\/uploads\/2025\/02\/2-2-18x12.jpg 18w, https:\/\/imar-machine.com\/wp-content\/uploads\/2025\/02\/2-2-600x368.jpg 600w\" sizes=\"(max-width: 750px) 100vw, 750px\" \/><\/p>\n<p>&nbsp;<\/p>\n<p>V\u00eddeo de la l\u00ednea de producci\u00f3n autom\u00e1tica de galletas:<\/p>\n<p><iframe title=\"Reproductor de video de YouTube\" src=\"https:\/\/www.youtube.com\/embed\/JFQclW63Zag?si=f1yxAlKEkC28ofKV\" width=\"750\" height=\"500\" frameborder=\"0\" allowfullscreen=\"allowfullscreen\"><span data-mce-type=\"bookmark\" style=\"display: inline-block; width: 0px; overflow: hidden; line-height: 0;\" class=\"mce_SELRES_start\"><\/span><\/iframe><\/p>","protected":false},"excerpt":{"rendered":"<p class=\"translation-block\">Nuestra l\u00ednea de producci\u00f3n autom\u00e1tica de galletas multifuncional de desarrollo propio, con tecnolog\u00eda avanzada y dise\u00f1o inteligente, se compromete a satisfacer la demanda principal de la industria panificadora global: una producci\u00f3n eficiente, higi\u00e9nica y diversificada. Esta l\u00ednea de producci\u00f3n puede producir con flexibilidad galletas duras, crujientes, de soda y otras categor\u00edas, adapt\u00e1ndose a diferentes f\u00f3rmulas y requisitos tecnol\u00f3gicos. Es la opci\u00f3n ideal para que las peque\u00f1as y medianas empresas alimentarias mejoren su capacidad de producci\u00f3n y mejoren su competitividad.<\/p>","protected":false},"featured_media":2048,"comment_status":"open","ping_status":"closed","template":"","meta":{"_acf_changed":false},"product_brand":[],"product_cat":[45],"product_tag":[],"class_list":{"0":"post-1656","1":"product","2":"type-product","3":"status-publish","4":"has-post-thumbnail","6":"product_cat-solutions","8":"first","9":"instock","10":"shipping-taxable","11":"product-type-simple"},"acf":[],"_links":{"self":[{"href":"https:\/\/imar-machine.com\/es\/wp-json\/wp\/v2\/product\/1656","targetHints":{"allow":["GET"]}}],"collection":[{"href":"https:\/\/imar-machine.com\/es\/wp-json\/wp\/v2\/product"}],"about":[{"href":"https:\/\/imar-machine.com\/es\/wp-json\/wp\/v2\/types\/product"}],"replies":[{"embeddable":true,"href":"https:\/\/imar-machine.com\/es\/wp-json\/wp\/v2\/comments?post=1656"}],"wp:featuredmedia":[{"embeddable":true,"href":"https:\/\/imar-machine.com\/es\/wp-json\/wp\/v2\/media\/2048"}],"wp:attachment":[{"href":"https:\/\/imar-machine.com\/es\/wp-json\/wp\/v2\/media?parent=1656"}],"wp:term":[{"taxonomy":"product_brand","embeddable":true,"href":"https:\/\/imar-machine.com\/es\/wp-json\/wp\/v2\/product_brand?post=1656"},{"taxonomy":"product_cat","embeddable":true,"href":"https:\/\/imar-machine.com\/es\/wp-json\/wp\/v2\/product_cat?post=1656"},{"taxonomy":"product_tag","embeddable":true,"href":"https:\/\/imar-machine.com\/es\/wp-json\/wp\/v2\/product_tag?post=1656"}],"curies":[{"name":"wp","href":"https:\/\/api.w.org\/{rel}","templated":true}]}}