{"id":1391,"date":"2025-01-26T07:50:14","date_gmt":"2025-01-26T07:50:14","guid":{"rendered":"http:\/\/imar-machine.com\/?post_type=product&#038;p=1391"},"modified":"2025-04-09T10:26:53","modified_gmt":"2025-04-09T10:26:53","slug":"gas-biscuit-baking-tunnel-oven","status":"publish","type":"product","link":"https:\/\/imar-machine.com\/es\/product\/gas-biscuit-baking-tunnel-oven\/","title":{"rendered":"Industrial De Gas H\u00edbrido Galletas Para Hornear Horno De T\u00fanel"},"content":{"rendered":"<ul>\n<li>The gas biscuit baking oven uses liquefied gas or natural gas, adopt direct combustion and hot air circulation mixed heating method, making biscuit with fine color.<\/li>\n<li>Tambi\u00e9n est\u00e1 basado en un controlador programable (PLC), equipado con una pantalla t\u00e1ctil LCD de la pantalla, y un programado el dise\u00f1o de la operaci\u00f3n, que efectivamente evita inseguro eventos causados por un mal funcionamiento.<\/li>\n<li>El control din\u00e1mico de la pantalla puede mostrar las condiciones de trabajo normales o de las partes, donde la falla se produce, lo cual es propicio para resolver r\u00e1pidamente el problema. El horneado de galletas de tener un buen sabor, un color uniforme, y el aspecto hermoso.<\/li>\n<\/ul>","protected":false},"excerpt":{"rendered":"<p>The gas biscuit baking tunnel uses liquefied gas or natural gas, which is perfectly used in biscuit processing factory, with a reasonable structure and good heat preservation effect.<\/p>","protected":false},"featured_media":1393,"comment_status":"open","ping_status":"closed","template":"","meta":{"_acf_changed":false},"product_brand":[],"product_cat":[90,94],"product_tag":[],"class_list":{"0":"post-1391","1":"product","2":"type-product","3":"status-publish","4":"has-post-thumbnail","6":"product_cat-products","7":"product_cat-baking-tunnel","9":"first","10":"instock","11":"shipping-taxable","12":"product-type-simple"},"acf":[],"_links":{"self":[{"href":"https:\/\/imar-machine.com\/es\/wp-json\/wp\/v2\/product\/1391","targetHints":{"allow":["GET"]}}],"collection":[{"href":"https:\/\/imar-machine.com\/es\/wp-json\/wp\/v2\/product"}],"about":[{"href":"https:\/\/imar-machine.com\/es\/wp-json\/wp\/v2\/types\/product"}],"replies":[{"embeddable":true,"href":"https:\/\/imar-machine.com\/es\/wp-json\/wp\/v2\/comments?post=1391"}],"wp:featuredmedia":[{"embeddable":true,"href":"https:\/\/imar-machine.com\/es\/wp-json\/wp\/v2\/media\/1393"}],"wp:attachment":[{"href":"https:\/\/imar-machine.com\/es\/wp-json\/wp\/v2\/media?parent=1391"}],"wp:term":[{"taxonomy":"product_brand","embeddable":true,"href":"https:\/\/imar-machine.com\/es\/wp-json\/wp\/v2\/product_brand?post=1391"},{"taxonomy":"product_cat","embeddable":true,"href":"https:\/\/imar-machine.com\/es\/wp-json\/wp\/v2\/product_cat?post=1391"},{"taxonomy":"product_tag","embeddable":true,"href":"https:\/\/imar-machine.com\/es\/wp-json\/wp\/v2\/product_tag?post=1391"}],"curies":[{"name":"wp","href":"https:\/\/api.w.org\/{rel}","templated":true}]}}