{"id":1389,"date":"2025-01-26T07:36:09","date_gmt":"2025-01-26T07:36:09","guid":{"rendered":"http:\/\/imar-machine.com\/?post_type=product&#038;p=1389"},"modified":"2025-06-12T02:21:03","modified_gmt":"2025-06-12T02:21:03","slug":"electric-oven","status":"publish","type":"product","link":"https:\/\/imar-machine.com\/es\/product\/electric-oven\/","title":{"rendered":"La Circulaci\u00f3n Del Aire Caliente De La Galleta De Horno El\u00e9ctrico Para Uso Industrial"},"content":{"rendered":"<p>This <strong>high-performance industrial tunnel oven<\/strong> takes advantage of automation and efficient processing to increase biscuit or bread production capacity, reduce labor costs, and ensure consistency in each batch, ensuring your baking always meets strict quality standards.<\/p>\n<p>Three-segment gas control system:<br \/>\nThe three-segment gas control is to adjust different level of heat in the gas tube. These can solve the problem of inconsistency of color of baked products. Enhance the quality of baked products and secure the safety.<\/p>\n<p><img fetchpriority=\"high\" decoding=\"async\" class=\"alignnone wp-image-1957 size-full\" src=\"https:\/\/imar-machine.com\/wp-content\/uploads\/2025\/01\/2-15.jpg\" alt=\"industrial baking oven for sale\" width=\"750\" height=\"600\" srcset=\"https:\/\/imar-machine.com\/wp-content\/uploads\/2025\/01\/2-15.jpg 750w, https:\/\/imar-machine.com\/wp-content\/uploads\/2025\/01\/2-15-300x240.jpg 300w, https:\/\/imar-machine.com\/wp-content\/uploads\/2025\/01\/2-15-15x12.jpg 15w, https:\/\/imar-machine.com\/wp-content\/uploads\/2025\/01\/2-15-600x480.jpg 600w\" sizes=\"(max-width: 750px) 100vw, 750px\" \/><\/p>\n<ul>\n<li>Cada zona de la temperatura del horno tiene una caliente independiente sistema de circulaci\u00f3n de aire para mejorar la eficiencia, la buena preservaci\u00f3n del calor, calentamiento r\u00e1pido, ahorro de energ\u00eda, protecci\u00f3n del medio ambiente, operaci\u00f3n simple, y el horneado galletas tienen buen sabor, un color uniforme y aspecto hermoso.<\/li>\n<li>Eficiente de la energ\u00eda: Las galletas para hornear t\u00fanel equipo tiene una estructura razonable, buena preservaci\u00f3n del calor de efecto, y menos p\u00e9rdida de calor, lo que puede hacer completo uso de la energ\u00eda de calor y reducir el consumo de energ\u00eda.<\/li>\n<li>Gran salida y una fuerte capacidad de adaptaci\u00f3n: La salida de aire caliente de rotary horno el\u00e9ctrico es generalmente de gran tama\u00f1o.<\/li>\n<li>De alta calidad de cocci\u00f3n: Durante el proceso de cocci\u00f3n, el aire caliente de rotary horno el\u00e9ctrico puede mantener la humedad y la textura de las galletas, haci\u00e9ndolos crujiente y delicioso. Al mismo tiempo, debido a la cocci\u00f3n uniforme, la estructura interna y el aspecto de las galletas pueden alcanzar el estado ideal.<\/li>\n<\/ul>","protected":false},"excerpt":{"rendered":"<p>The hot air circulation biscuit baking oven converts electrical energy into energy to bake biscuits, which adopts a fully automatic temperature control system, perfect used in <a href=\"https:\/\/imar-machine.com\/es\/solution\/biscuit-production-line\/\"><em><strong>Automatic biscuit production line<\/strong><\/em><\/a><\/p>","protected":false},"featured_media":1956,"comment_status":"open","ping_status":"closed","template":"","meta":{"_acf_changed":false},"product_brand":[],"product_cat":[90,94],"product_tag":[],"class_list":{"0":"post-1389","1":"product","2":"type-product","3":"status-publish","4":"has-post-thumbnail","6":"product_cat-products","7":"product_cat-baking-tunnel","9":"first","10":"instock","11":"shipping-taxable","12":"product-type-simple"},"acf":[],"_links":{"self":[{"href":"https:\/\/imar-machine.com\/es\/wp-json\/wp\/v2\/product\/1389","targetHints":{"allow":["GET"]}}],"collection":[{"href":"https:\/\/imar-machine.com\/es\/wp-json\/wp\/v2\/product"}],"about":[{"href":"https:\/\/imar-machine.com\/es\/wp-json\/wp\/v2\/types\/product"}],"replies":[{"embeddable":true,"href":"https:\/\/imar-machine.com\/es\/wp-json\/wp\/v2\/comments?post=1389"}],"wp:featuredmedia":[{"embeddable":true,"href":"https:\/\/imar-machine.com\/es\/wp-json\/wp\/v2\/media\/1956"}],"wp:attachment":[{"href":"https:\/\/imar-machine.com\/es\/wp-json\/wp\/v2\/media?parent=1389"}],"wp:term":[{"taxonomy":"product_brand","embeddable":true,"href":"https:\/\/imar-machine.com\/es\/wp-json\/wp\/v2\/product_brand?post=1389"},{"taxonomy":"product_cat","embeddable":true,"href":"https:\/\/imar-machine.com\/es\/wp-json\/wp\/v2\/product_cat?post=1389"},{"taxonomy":"product_tag","embeddable":true,"href":"https:\/\/imar-machine.com\/es\/wp-json\/wp\/v2\/product_tag?post=1389"}],"curies":[{"name":"wp","href":"https:\/\/api.w.org\/{rel}","templated":true}]}}