{"id":1382,"date":"2025-01-26T07:13:21","date_gmt":"2025-01-26T07:13:21","guid":{"rendered":"http:\/\/imar-machine.com\/?post_type=product&#038;p=1382"},"modified":"2025-06-12T02:38:17","modified_gmt":"2025-06-12T02:38:17","slug":"biscuit-roller-molding-machine","status":"publish","type":"product","link":"https:\/\/imar-machine.com\/es\/product\/biscuit-roller-molding-machine\/","title":{"rendered":"Bizcocho De Rodillos De La M\u00e1quina De Moldeo"},"content":{"rendered":"<ul>\n<li>Bizcocho rollo de impresi\u00f3n de las m\u00e1quinas de moldeo por utilizar l\u00edneas de producci\u00f3n automatizadas, permitiendo un proceso de producci\u00f3n continua desde el ingreso de materia prima hasta el producto terminado de salida, mejorando significativamente la eficiencia de la producci\u00f3n.<\/li>\n<li>La galleta rollo de la m\u00e1quina de moldeo por adoptar rollo de impresi\u00f3n tecnolog\u00eda de moldeo, para garantizar la coherencia y la est\u00e9tica en las formas de la galleta a trav\u00e9s de la rotaci\u00f3n y la compactaci\u00f3n del molde rollos.<\/li>\n<\/ul>\n<p><img fetchpriority=\"high\" decoding=\"async\" class=\"alignnone wp-image-1386 size-full\" src=\"https:\/\/imar-machine.com\/wp-content\/uploads\/2025\/01\/\u8f8a\u5370\u6210\u578b-2-1.jpg\" alt=\"industrial biscuit roll molding machine\" width=\"800\" height=\"700\" srcset=\"https:\/\/imar-machine.com\/wp-content\/uploads\/2025\/01\/\u8f8a\u5370\u6210\u578b-2-1.jpg 800w, https:\/\/imar-machine.com\/wp-content\/uploads\/2025\/01\/\u8f8a\u5370\u6210\u578b-2-1-300x263.jpg 300w, https:\/\/imar-machine.com\/wp-content\/uploads\/2025\/01\/\u8f8a\u5370\u6210\u578b-2-1-768x672.jpg 768w, https:\/\/imar-machine.com\/wp-content\/uploads\/2025\/01\/\u8f8a\u5370\u6210\u578b-2-1-14x12.jpg 14w, https:\/\/imar-machine.com\/wp-content\/uploads\/2025\/01\/\u8f8a\u5370\u6210\u578b-2-1-600x525.jpg 600w\" sizes=\"(max-width: 800px) 100vw, 800px\" \/><\/p>\n<ul>\n<li>El proceso de producci\u00f3n de galletas rollo de impresi\u00f3n de las m\u00e1quinas de moldeo es controlable, lo que resulta en galletas que son resistentes a la rotura y tiene un espesor uniforme y sabor.<\/li>\n<li>Bizcocho rollo de impresi\u00f3n de las m\u00e1quinas de moldeo, puede producir una variedad de formas de la galleta de acuerdo a las necesidades del cliente, el cumplimiento de las exigencias de los diferentes mercados y los consumidores, lo que demuestra la amplia aplicabilidad.<\/li>\n<\/ul>\n<p><img decoding=\"async\" class=\"alignnone wp-image-1387 size-full\" src=\"https:\/\/imar-machine.com\/wp-content\/uploads\/2025\/01\/\u8f8a\u5370\u6210\u578b-3-1.jpg\" alt=\"factory use biscuit roll molding machine\" width=\"800\" height=\"700\" srcset=\"https:\/\/imar-machine.com\/wp-content\/uploads\/2025\/01\/\u8f8a\u5370\u6210\u578b-3-1.jpg 800w, https:\/\/imar-machine.com\/wp-content\/uploads\/2025\/01\/\u8f8a\u5370\u6210\u578b-3-1-300x263.jpg 300w, https:\/\/imar-machine.com\/wp-content\/uploads\/2025\/01\/\u8f8a\u5370\u6210\u578b-3-1-768x672.jpg 768w, https:\/\/imar-machine.com\/wp-content\/uploads\/2025\/01\/\u8f8a\u5370\u6210\u578b-3-1-14x12.jpg 14w, https:\/\/imar-machine.com\/wp-content\/uploads\/2025\/01\/\u8f8a\u5370\u6210\u578b-3-1-600x525.jpg 600w\" sizes=\"(max-width: 800px) 100vw, 800px\" \/><\/p>","protected":false},"excerpt":{"rendered":"<p>El <strong>biscuit roller forming machine<\/strong> is a device for making crispy biscuits. The speed of the feeding roller, mold, and demoulding conveyor belt can be controlled by PLC, and it can also be controlled in conjunction with the the <a href=\"https:\/\/imar-machine.com\/es\/solution\/biscuit-production-line\/\"><strong>automatic biscuit production machine<\/strong><\/a>.<\/p>","protected":false},"featured_media":1960,"comment_status":"open","ping_status":"closed","template":"","meta":{"_acf_changed":false},"product_brand":[],"product_cat":[90,93],"product_tag":[],"class_list":{"0":"post-1382","1":"product","2":"type-product","3":"status-publish","4":"has-post-thumbnail","6":"product_cat-products","7":"product_cat-forming-machine","9":"first","10":"instock","11":"shipping-taxable","12":"product-type-simple"},"acf":[],"_links":{"self":[{"href":"https:\/\/imar-machine.com\/es\/wp-json\/wp\/v2\/product\/1382","targetHints":{"allow":["GET"]}}],"collection":[{"href":"https:\/\/imar-machine.com\/es\/wp-json\/wp\/v2\/product"}],"about":[{"href":"https:\/\/imar-machine.com\/es\/wp-json\/wp\/v2\/types\/product"}],"replies":[{"embeddable":true,"href":"https:\/\/imar-machine.com\/es\/wp-json\/wp\/v2\/comments?post=1382"}],"wp:featuredmedia":[{"embeddable":true,"href":"https:\/\/imar-machine.com\/es\/wp-json\/wp\/v2\/media\/1960"}],"wp:attachment":[{"href":"https:\/\/imar-machine.com\/es\/wp-json\/wp\/v2\/media?parent=1382"}],"wp:term":[{"taxonomy":"product_brand","embeddable":true,"href":"https:\/\/imar-machine.com\/es\/wp-json\/wp\/v2\/product_brand?post=1382"},{"taxonomy":"product_cat","embeddable":true,"href":"https:\/\/imar-machine.com\/es\/wp-json\/wp\/v2\/product_cat?post=1382"},{"taxonomy":"product_tag","embeddable":true,"href":"https:\/\/imar-machine.com\/es\/wp-json\/wp\/v2\/product_tag?post=1382"}],"curies":[{"name":"wp","href":"https:\/\/api.w.org\/{rel}","templated":true}]}}