{"id":1376,"date":"2025-01-26T06:55:40","date_gmt":"2025-01-26T06:55:40","guid":{"rendered":"http:\/\/imar-machine.com\/?post_type=product&#038;p=1376"},"modified":"2025-02-10T12:48:24","modified_gmt":"2025-02-10T12:48:24","slug":"biscuit-forming-machine","status":"publish","type":"product","link":"https:\/\/imar-machine.com\/es\/product\/biscuit-forming-machine\/","title":{"rendered":"F\u00e1brica De Uso De Disco Duro De La Galleta De La Formaci\u00f3n De La M\u00e1quina"},"content":{"rendered":"<ul>\n<li>Alta eficiencia: Galletas roll de corte y m\u00e1quinas de moldeo puede funcionar de forma continua, aumentando notablemente la eficiencia de la producci\u00f3n. Esto hace que sea m\u00e1s f\u00e1cil de integrar las galletas de la m\u00e1quina continua de hornos para formar un sistema automatizado de la galleta de la l\u00ednea de producci\u00f3n.<\/li>\n<\/ul>\n<p><img fetchpriority=\"high\" decoding=\"async\" class=\"alignnone wp-image-1377 size-full\" src=\"https:\/\/imar-machine.com\/wp-content\/uploads\/2025\/01\/2-7.jpg\" alt=\"factory use biscuit forming machine\" width=\"800\" height=\"500\" srcset=\"https:\/\/imar-machine.com\/wp-content\/uploads\/2025\/01\/2-7.jpg 800w, https:\/\/imar-machine.com\/wp-content\/uploads\/2025\/01\/2-7-300x188.jpg 300w, https:\/\/imar-machine.com\/wp-content\/uploads\/2025\/01\/2-7-768x480.jpg 768w, https:\/\/imar-machine.com\/wp-content\/uploads\/2025\/01\/2-7-18x12.jpg 18w, https:\/\/imar-machine.com\/wp-content\/uploads\/2025\/01\/2-7-600x375.jpg 600w\" sizes=\"(max-width: 800px) 100vw, 800px\" \/><\/p>\n<ul>\n<li>El rodillo de cabezales de roscar de rollo de corte y m\u00e1quinas de moldeo puede ser grabado con varias formas, permitiendo la producci\u00f3n de galletas con diferentes formas y patrones.<\/li>\n<li>Cada uno de los impresos de la galleta tiene espesor uniforme y sabor, lo que garantiza la consistencia de la galleta de la calidad y el sabor.<\/li>\n<li>Bizcocho roll de corte y m\u00e1quinas de moldeo no s\u00f3lo reduce la intensidad de trabajo de los trabajadores, sino que tambi\u00e9n mejora la eficiencia de la producci\u00f3n y la seguridad.<\/li>\n<\/ul>\n<p><img decoding=\"async\" class=\"alignnone wp-image-1378 size-full\" src=\"https:\/\/imar-machine.com\/wp-content\/uploads\/2025\/01\/4-1.jpg\" alt=\"biscuit roll-cutter formaing machine\" width=\"800\" height=\"700\" srcset=\"https:\/\/imar-machine.com\/wp-content\/uploads\/2025\/01\/4-1.jpg 800w, https:\/\/imar-machine.com\/wp-content\/uploads\/2025\/01\/4-1-300x263.jpg 300w, https:\/\/imar-machine.com\/wp-content\/uploads\/2025\/01\/4-1-768x672.jpg 768w, https:\/\/imar-machine.com\/wp-content\/uploads\/2025\/01\/4-1-14x12.jpg 14w, https:\/\/imar-machine.com\/wp-content\/uploads\/2025\/01\/4-1-600x525.jpg 600w\" sizes=\"(max-width: 800px) 100vw, 800px\" \/><\/p>","protected":false},"excerpt":{"rendered":"<p>Los industriales de la galleta de la formaci\u00f3n de la m\u00e1quina es un dispositivo de formaci\u00f3n para la fabricaci\u00f3n de dif\u00edcil galletas y galletas de soda. La masa se forma en una galleta despu\u00e9s de pasar a trav\u00e9s de los rolling cutter, y las sobras son devueltos al puerto de alimentaci\u00f3n del separador a trav\u00e9s del sistema de reciclaje. La presi\u00f3n entre el rodillo de goma y el bizcocho del molde es consistente, y el corte es uniforme.<\/p>","protected":false},"featured_media":1380,"comment_status":"open","ping_status":"closed","template":"","meta":{"_acf_changed":false},"product_brand":[],"product_cat":[90,93],"product_tag":[],"class_list":{"0":"post-1376","1":"product","2":"type-product","3":"status-publish","4":"has-post-thumbnail","6":"product_cat-products","7":"product_cat-forming-machine","9":"first","10":"instock","11":"shipping-taxable","12":"product-type-simple"},"acf":[],"_links":{"self":[{"href":"https:\/\/imar-machine.com\/es\/wp-json\/wp\/v2\/product\/1376","targetHints":{"allow":["GET"]}}],"collection":[{"href":"https:\/\/imar-machine.com\/es\/wp-json\/wp\/v2\/product"}],"about":[{"href":"https:\/\/imar-machine.com\/es\/wp-json\/wp\/v2\/types\/product"}],"replies":[{"embeddable":true,"href":"https:\/\/imar-machine.com\/es\/wp-json\/wp\/v2\/comments?post=1376"}],"wp:featuredmedia":[{"embeddable":true,"href":"https:\/\/imar-machine.com\/es\/wp-json\/wp\/v2\/media\/1380"}],"wp:attachment":[{"href":"https:\/\/imar-machine.com\/es\/wp-json\/wp\/v2\/media?parent=1376"}],"wp:term":[{"taxonomy":"product_brand","embeddable":true,"href":"https:\/\/imar-machine.com\/es\/wp-json\/wp\/v2\/product_brand?post=1376"},{"taxonomy":"product_cat","embeddable":true,"href":"https:\/\/imar-machine.com\/es\/wp-json\/wp\/v2\/product_cat?post=1376"},{"taxonomy":"product_tag","embeddable":true,"href":"https:\/\/imar-machine.com\/es\/wp-json\/wp\/v2\/product_tag?post=1376"}],"curies":[{"name":"wp","href":"https:\/\/api.w.org\/{rel}","templated":true}]}}