{"id":1331,"date":"2025-01-19T08:12:07","date_gmt":"2025-01-19T08:12:07","guid":{"rendered":"http:\/\/192.168.0.104\/imar-machine\/?post_type=product&#038;p=1331"},"modified":"2025-03-16T08:24:17","modified_gmt":"2025-03-16T08:24:17","slug":"cupcake-line","status":"publish","type":"product","link":"https:\/\/imar-machine.com\/es\/solution\/cupcake-line\/","title":{"rendered":"Industrial Pasteles De Taza De La L\u00ednea De Producci\u00f3n"},"content":{"rendered":"<p>The industrial cupcakes production line we developed is suitable for making muffins of different flavors, such as chocolate, blueberry flavored, etc. With a high degree of automation and efficient production process, it provides customized cupcake baking equipment for the majority of food processing factories to meet various needs.<\/p>\n<p>The automatic cup cakes production line can produce different cakes by replacing baking molds of different shapes, or it can produce cupcakes and sandwich cakes by adding paper cup feeders and cake cream fillers. It can also produce muffins by mixing some chocolate in the raw materials.<\/p>\n<p>Components of Industrial Cup Cake Production Line:<\/p>\n<ol>\n<li>Mixing system:<\/li>\n<\/ol>\n<p>\u2013 The raw material mixing equipment fully mixes raw materials such as flour, sugar, eggs, oil, and water in a certain proportion to form a uniform batter. Usually equipped with an accurate metering device to ensure accurate proportions of raw materials.<\/p>\n<p>\u2013 The high-speed mixer can adjust the mixing speed and time according to different formula requirements to achieve the best batter texture.<\/p>\n<ol start=\"2\">\n<li>Grouting system:<\/li>\n<\/ol>\n<p>\u2013 Inject the stirred batter quantitatively into paper cups or molds to ensure that the amount of batter in each paper cup is consistent. The grouting equipment usually has a high-precision metering function and can perform accurate grouting according to the set parameters.<\/p>\n<ol start=\"3\">\n<li>Baking system:<\/li>\n<\/ol>\n<p>\u2013 The oven is the core part of the production line. It adopts advanced heating technology and can precisely control temperature and time to ensure that the cupcakes are evenly baked, golden in color, and soft in taste.<\/p>\n<p>\u2013 The temperature control system can monitor the temperature in the oven in real time and automatically adjust the heating power to ensure the temperature stability in the oven.<\/p>\n<ol start=\"4\">\n<li>Cooling system:<\/li>\n<\/ol>\n<p>\u2013 The baked cupcakes need to be cooled to prevent deformation and deterioration. The cooling system usually uses air cooling or natural cooling to quickly cool the cupcakes to a suitable temperature.<\/p>\n<ol start=\"5\">\n<li>Packaging system:<\/li>\n<\/ol>\n<p>\u2013 Package the cooled cupcakes to maintain their freshness and hygiene. The packaging equipment can perform various forms of packaging such as bagging, boxing, or canning according to different needs.<\/p>\n<p>\u2013 The quality inspection device inspects the appearance, weight, etc. of the cupcakes before packaging to ensure that the products meet quality standards.<\/p>","protected":false},"excerpt":{"rendered":"<p>El cupcake de la l\u00ednea de producci\u00f3n es una combinaci\u00f3n de equipo que se utiliza especialmente para la producci\u00f3n automatizada de los cupcakes. A partir de materias primas de la mezcla, la mamposter\u00eda, el bicarbonato de refrigeraci\u00f3n y envasado, todo el proceso de producci\u00f3n es automatizado, se mejora enormemente la eficiencia de la producci\u00f3n y reducci\u00f3n de costos de mano de obra.<\/p>","protected":false},"featured_media":1423,"comment_status":"open","ping_status":"closed","template":"","meta":{"_acf_changed":false},"product_brand":[],"product_cat":[45],"product_tag":[],"class_list":{"0":"post-1331","1":"product","2":"type-product","3":"status-publish","4":"has-post-thumbnail","6":"product_cat-solutions","8":"first","9":"instock","10":"shipping-taxable","11":"product-type-simple"},"acf":[],"_links":{"self":[{"href":"https:\/\/imar-machine.com\/es\/wp-json\/wp\/v2\/product\/1331","targetHints":{"allow":["GET"]}}],"collection":[{"href":"https:\/\/imar-machine.com\/es\/wp-json\/wp\/v2\/product"}],"about":[{"href":"https:\/\/imar-machine.com\/es\/wp-json\/wp\/v2\/types\/product"}],"replies":[{"embeddable":true,"href":"https:\/\/imar-machine.com\/es\/wp-json\/wp\/v2\/comments?post=1331"}],"wp:featuredmedia":[{"embeddable":true,"href":"https:\/\/imar-machine.com\/es\/wp-json\/wp\/v2\/media\/1423"}],"wp:attachment":[{"href":"https:\/\/imar-machine.com\/es\/wp-json\/wp\/v2\/media?parent=1331"}],"wp:term":[{"taxonomy":"product_brand","embeddable":true,"href":"https:\/\/imar-machine.com\/es\/wp-json\/wp\/v2\/product_brand?post=1331"},{"taxonomy":"product_cat","embeddable":true,"href":"https:\/\/imar-machine.com\/es\/wp-json\/wp\/v2\/product_cat?post=1331"},{"taxonomy":"product_tag","embeddable":true,"href":"https:\/\/imar-machine.com\/es\/wp-json\/wp\/v2\/product_tag?post=1331"}],"curies":[{"name":"wp","href":"https:\/\/api.w.org\/{rel}","templated":true}]}}