{"id":1329,"date":"2025-01-19T08:12:08","date_gmt":"2025-01-19T08:12:08","guid":{"rendered":"http:\/\/192.168.0.104\/imar-machine\/?post_type=product&#038;p=1329"},"modified":"2025-03-18T11:40:08","modified_gmt":"2025-03-18T11:40:08","slug":"white-lovershiroi-koibito-sandwich-cookie-production-line-1-%e5%a4%8d%e5%88%b6-5","status":"publish","type":"product","link":"https:\/\/imar-machine.com\/es\/solution\/pretzel-line\/","title":{"rendered":"L\u00ednea de producci\u00f3n autom\u00e1tica de galletas pretzel"},"content":{"rendered":"<p class=\"translation-block\">La\u00a0<strong>l\u00ednea de producci\u00f3n de galletas pretzel<\/strong> es una soluci\u00f3n de \u00faltima generaci\u00f3n dise\u00f1ada para fabricantes de alimentos que buscan escalar la producci\u00f3n de galletas pretzel perfectamente retorcidas y crujientes con una eficiencia inigualable.<\/p>\n<p><img fetchpriority=\"high\" decoding=\"async\" class=\"alignnone wp-image-1746 size-full\" src=\"https:\/\/imar-machine.com\/wp-content\/uploads\/2025\/01\/7.jpg\" alt=\"salty Pretzel Biscuit making plant\" width=\"750\" height=\"500\" srcset=\"https:\/\/imar-machine.com\/wp-content\/uploads\/2025\/01\/7.jpg 750w, https:\/\/imar-machine.com\/wp-content\/uploads\/2025\/01\/7-300x200.jpg 300w, https:\/\/imar-machine.com\/wp-content\/uploads\/2025\/01\/7-18x12.jpg 18w, https:\/\/imar-machine.com\/wp-content\/uploads\/2025\/01\/7-600x400.jpg 600w\" sizes=\"(max-width: 750px) 100vw, 750px\" \/><\/p>\n<p>&nbsp;<\/p>\n<p>Este sistema totalmente automatizado integra tecnolog\u00edas avanzadas de moldeado de masa, tratamiento alcalino, horneado de precisi\u00f3n y envasado inteligente, garantizando que cada galleta cumpla con estrictos est\u00e1ndares de calidad y maximizando la producci\u00f3n. Ideal para f\u00e1bricas de tama\u00f1o mediano a grande, la l\u00ednea combina ingenier\u00eda robusta con personalizaci\u00f3n inteligente para adaptarse a diversas recetas, formatos de envasado y normativas internacionales de seguridad alimentaria.<\/p>\n<p><img decoding=\"async\" class=\"alignnone wp-image-1745 size-full\" src=\"https:\/\/imar-machine.com\/wp-content\/uploads\/2025\/01\/\u672a\u6807\u9898-1.jpg\" alt=\"pretzel biscuit making machine\" width=\"750\" height=\"500\" srcset=\"https:\/\/imar-machine.com\/wp-content\/uploads\/2025\/01\/\u672a\u6807\u9898-1.jpg 750w, https:\/\/imar-machine.com\/wp-content\/uploads\/2025\/01\/\u672a\u6807\u9898-1-300x200.jpg 300w, https:\/\/imar-machine.com\/wp-content\/uploads\/2025\/01\/\u672a\u6807\u9898-1-18x12.jpg 18w, https:\/\/imar-machine.com\/wp-content\/uploads\/2025\/01\/\u672a\u6807\u9898-1-600x400.jpg 600w\" sizes=\"(max-width: 750px) 100vw, 750px\" \/><\/p>\n<p>&nbsp;<\/p>","protected":false},"excerpt":{"rendered":"<p class=\"translation-block\">La l\u00ednea de producci\u00f3n de galletas de pretzel totalmente automatizada es una soluci\u00f3n que integra eficiencia, innovaci\u00f3n y calidad. Esta l\u00ednea de producci\u00f3n est\u00e1 dise\u00f1ada espec\u00edficamente para producir pan de pretzel, combinando a la perfecci\u00f3n sabores tradicionales con tecnolog\u00eda moderna para brindarle una experiencia de producci\u00f3n sin precedentes.<\/p>","protected":false},"featured_media":1416,"comment_status":"open","ping_status":"closed","template":"","meta":{"_acf_changed":false},"product_brand":[],"product_cat":[45],"product_tag":[],"class_list":{"0":"post-1329","1":"product","2":"type-product","3":"status-publish","4":"has-post-thumbnail","6":"product_cat-solutions","8":"first","9":"instock","10":"shipping-taxable","11":"product-type-simple"},"acf":[],"_links":{"self":[{"href":"https:\/\/imar-machine.com\/es\/wp-json\/wp\/v2\/product\/1329","targetHints":{"allow":["GET"]}}],"collection":[{"href":"https:\/\/imar-machine.com\/es\/wp-json\/wp\/v2\/product"}],"about":[{"href":"https:\/\/imar-machine.com\/es\/wp-json\/wp\/v2\/types\/product"}],"replies":[{"embeddable":true,"href":"https:\/\/imar-machine.com\/es\/wp-json\/wp\/v2\/comments?post=1329"}],"wp:featuredmedia":[{"embeddable":true,"href":"https:\/\/imar-machine.com\/es\/wp-json\/wp\/v2\/media\/1416"}],"wp:attachment":[{"href":"https:\/\/imar-machine.com\/es\/wp-json\/wp\/v2\/media?parent=1329"}],"wp:term":[{"taxonomy":"product_brand","embeddable":true,"href":"https:\/\/imar-machine.com\/es\/wp-json\/wp\/v2\/product_brand?post=1329"},{"taxonomy":"product_cat","embeddable":true,"href":"https:\/\/imar-machine.com\/es\/wp-json\/wp\/v2\/product_cat?post=1329"},{"taxonomy":"product_tag","embeddable":true,"href":"https:\/\/imar-machine.com\/es\/wp-json\/wp\/v2\/product_tag?post=1329"}],"curies":[{"name":"wp","href":"https:\/\/api.w.org\/{rel}","templated":true}]}}