{"id":1328,"date":"2025-01-19T08:12:08","date_gmt":"2025-01-19T08:12:08","guid":{"rendered":"http:\/\/192.168.0.104\/imar-machine\/?post_type=product&#038;p=1328"},"modified":"2025-06-08T08:47:53","modified_gmt":"2025-06-08T08:47:53","slug":"wafer-line","status":"publish","type":"product","link":"https:\/\/imar-machine.com\/es\/solution\/wafer-line\/","title":{"rendered":"Industrial De La Oblea De La Galleta De La L\u00ednea De Producci\u00f3n"},"content":{"rendered":"<p>The fully automatic <strong>wafer production line<\/strong> integrates advanced technology and manufacturing processes, bringing unprecedented efficiency, precision, and innovation to the production of wafers. From raw material input to final product packaging, every aspect of this production line has undergone meticulous design and optimization, ensuring the high quality of wafers and the efficiency of large-scale production.<\/p>\n<p>Proceso de funcionamiento de la l\u00ednea de producci\u00f3n de galletas tipo oblea:<\/p>\n<p>Kneading \u2192 forming (roll printing\/rolling\/laminating) \u2192 tunnel furnace (electric\/gas) \u2192 oil injection \u2192 cooling \u2192 cake arrangement \u2192 packaging \u2192 boxing<\/p>\n<p><img fetchpriority=\"high\" decoding=\"async\" class=\"alignnone wp-image-1731 size-full\" src=\"https:\/\/imar-machine.com\/wp-content\/uploads\/2025\/01\/wafer.jpg\" alt=\"automatic wafer biscuit production line\" width=\"750\" height=\"675\" \/><\/p>\n<p>This wafer production line can be adapted to the production process of multiple types of wafers. It automates the entire process from batter mixing, baking and forming to cooling and packaging, significantly reducing labor costs and error rates. Through intelligent temperature control and precise timing systems, it ensures the consistency of product color and taste, meeting the strict standards of the global market for food safety and quality.<\/p>\n<p><img decoding=\"async\" class=\"alignnone wp-image-1732 size-full\" src=\"https:\/\/imar-machine.com\/wp-content\/uploads\/2025\/01\/wafer1.jpg\" alt=\"industrial wafer biscuit making\" width=\"750\" height=\"350\" srcset=\"https:\/\/imar-machine.com\/wp-content\/uploads\/2025\/01\/wafer1.jpg 750w, https:\/\/imar-machine.com\/wp-content\/uploads\/2025\/01\/wafer1-300x140.jpg 300w, https:\/\/imar-machine.com\/wp-content\/uploads\/2025\/01\/wafer1-18x8.jpg 18w, https:\/\/imar-machine.com\/wp-content\/uploads\/2025\/01\/wafer1-600x280.jpg 600w\" sizes=\"(max-width: 750px) 100vw, 750px\" \/><\/p>\n<p>The wafer biscuit production line can process wafers with different shape and sizes, like bar shape, cube shape, wafer with chocolate coating, or wafer with jam filling, etc.<\/p>\n<p>Video of <strong>Fully Automatic Wafer Biscuit Line<\/strong>:<\/p>\n<p><iframe title=\"Reproductor de video de YouTube\" src=\"https:\/\/www.youtube.com\/embed\/dqzQLHegQiU?si=hW4qKKDm53QzpY37\" width=\"750\" height=\"500\" frameborder=\"0\" allowfullscreen=\"allowfullscreen\"><span data-mce-type=\"bookmark\" style=\"display: inline-block; width: 0px; overflow: hidden; line-height: 0;\" class=\"mce_SELRES_start\"><\/span><\/iframe><\/p>","protected":false},"excerpt":{"rendered":"<p class=\"translation-block\">La l\u00ednea de producci\u00f3n de obleas totalmente autom\u00e1tica satisface las necesidades de producci\u00f3n eficiente de empresas medianas y grandes de procesamiento de alimentos. Integra tecnolog\u00eda de automatizaci\u00f3n y capacidades flexibles de personalizaci\u00f3n para ayudar a las empresas a lograr una producci\u00f3n a gran escala y estandarizada.<\/p>","protected":false},"featured_media":1417,"comment_status":"open","ping_status":"closed","template":"","meta":{"_acf_changed":false},"product_brand":[],"product_cat":[45],"product_tag":[],"class_list":{"0":"post-1328","1":"product","2":"type-product","3":"status-publish","4":"has-post-thumbnail","6":"product_cat-solutions","8":"first","9":"instock","10":"shipping-taxable","11":"product-type-simple"},"acf":[],"_links":{"self":[{"href":"https:\/\/imar-machine.com\/es\/wp-json\/wp\/v2\/product\/1328","targetHints":{"allow":["GET"]}}],"collection":[{"href":"https:\/\/imar-machine.com\/es\/wp-json\/wp\/v2\/product"}],"about":[{"href":"https:\/\/imar-machine.com\/es\/wp-json\/wp\/v2\/types\/product"}],"replies":[{"embeddable":true,"href":"https:\/\/imar-machine.com\/es\/wp-json\/wp\/v2\/comments?post=1328"}],"wp:featuredmedia":[{"embeddable":true,"href":"https:\/\/imar-machine.com\/es\/wp-json\/wp\/v2\/media\/1417"}],"wp:attachment":[{"href":"https:\/\/imar-machine.com\/es\/wp-json\/wp\/v2\/media?parent=1328"}],"wp:term":[{"taxonomy":"product_brand","embeddable":true,"href":"https:\/\/imar-machine.com\/es\/wp-json\/wp\/v2\/product_brand?post=1328"},{"taxonomy":"product_cat","embeddable":true,"href":"https:\/\/imar-machine.com\/es\/wp-json\/wp\/v2\/product_cat?post=1328"},{"taxonomy":"product_tag","embeddable":true,"href":"https:\/\/imar-machine.com\/es\/wp-json\/wp\/v2\/product_tag?post=1328"}],"curies":[{"name":"wp","href":"https:\/\/api.w.org\/{rel}","templated":true}]}}