{"id":1327,"date":"2025-01-19T08:12:08","date_gmt":"2025-01-19T08:12:08","guid":{"rendered":"http:\/\/192.168.0.104\/imar-machine\/?post_type=product&#038;p=1327"},"modified":"2025-03-18T12:54:46","modified_gmt":"2025-03-18T12:54:46","slug":"shiroi-koibito-biscuit-line","status":"publish","type":"product","link":"https:\/\/imar-machine.com\/es\/solution\/shiroi-koibito-biscuit-line\/","title":{"rendered":"L\u00ednea Autom\u00e1tica de Galletas S\u00e1ndwich White Lover (Shiroi Koibito de Jap\u00f3n)"},"content":{"rendered":"<div id=\"elementor-tab-content-2262\" class=\"elementor-tab-content elementor-clearfix elementor-active\" style=\"display: block;\" tabindex=\"0\" role=\"tabpanel\" data-tab=\"2\" aria-labelledby=\"elementor-tab-title-2262\">\n<p style=\"text-align: left;\">The fully automatic production line of White Lover cookies integrates four core modules: dough forming, intelligent baking, precise filling and efficient packaging. It adopts a high-precision dough quantitative infusion system and a constant temperature tunnel oven for uniform baking, ensuring that each biscuit has a consistent thickness and golden color.<\/p>\n<p><img fetchpriority=\"high\" decoding=\"async\" class=\"alignnone wp-image-1747 size-full\" src=\"https:\/\/imar-machine.com\/wp-content\/uploads\/2025\/01\/1-18.jpg\" alt=\"white lover biscuit production line\" width=\"800\" height=\"600\" srcset=\"https:\/\/imar-machine.com\/wp-content\/uploads\/2025\/01\/1-18.jpg 800w, https:\/\/imar-machine.com\/wp-content\/uploads\/2025\/01\/1-18-300x225.jpg 300w, https:\/\/imar-machine.com\/wp-content\/uploads\/2025\/01\/1-18-768x576.jpg 768w, https:\/\/imar-machine.com\/wp-content\/uploads\/2025\/01\/1-18-16x12.jpg 16w, https:\/\/imar-machine.com\/wp-content\/uploads\/2025\/01\/1-18-600x450.jpg 600w\" sizes=\"(max-width: 800px) 100vw, 800px\" \/><\/p>\n<p style=\"text-align: left;\">\u25ce La preparaci\u00f3n de la masa y dar forma : en Primer lugar, la pre-mezcla de harina, agua, az\u00facar, petr\u00f3leo y otras materias primas se mezclan en un mezclador de masa y golpeado por un cierto per\u00edodo de tiempo para hacer la masa tiene una cierta elasticidad y plasticidad. En la conformaci\u00f3n de la etapa, la masa se extiende en forma mediante una conformaci\u00f3n de la m\u00e1quina para formar la forma inicial de la galleta.<\/p>\n<p style=\"text-align: left;\">\u25ce Hornear y Refrigeraci\u00f3n : El formado masa del bizcocho se env\u00eda en el horno de t\u00fanel a trav\u00e9s del horno alimentador para hornear. Durante el proceso de cocci\u00f3n, las galletas ir a trav\u00e9s de las etapas de la inflamaci\u00f3n, la formaci\u00f3n, la deshidrataci\u00f3n, colorear, etc., y, finalmente, formar las galletas con sabor y textura. Despu\u00e9s de la cocci\u00f3n, se enfr\u00eda r\u00e1pidamente a trav\u00e9s de la l\u00ednea de enfriamiento para mantener la calidad de las galletas.<\/p>\n<p>\u25ce Aceite de pulverizaci\u00f3n y embalaje : El aceite de pulverizador de aerosoles de aceite en el enfriado galletas para aumentar el sabor y la apariencia de las galletas. Por \u00faltimo, las galletas son empaquetados por la m\u00e1quina de embalaje, y las diferentes especificaciones y formas son envasados de acuerdo a las necesidades del cliente, y luego se transportan a la bodega para su almacenamiento.<\/p>\n<p><img decoding=\"async\" class=\"alignnone wp-image-1748 size-full\" src=\"https:\/\/imar-machine.com\/wp-content\/uploads\/2025\/01\/\u672a\u6807\u9898-2.jpg\" alt=\"Full automatic white lover cookies production line\" width=\"750\" height=\"750\" srcset=\"https:\/\/imar-machine.com\/wp-content\/uploads\/2025\/01\/\u672a\u6807\u9898-2.jpg 750w, https:\/\/imar-machine.com\/wp-content\/uploads\/2025\/01\/\u672a\u6807\u9898-2-300x300.jpg 300w, https:\/\/imar-machine.com\/wp-content\/uploads\/2025\/01\/\u672a\u6807\u9898-2-150x150.jpg 150w, https:\/\/imar-machine.com\/wp-content\/uploads\/2025\/01\/\u672a\u6807\u9898-2-12x12.jpg 12w, https:\/\/imar-machine.com\/wp-content\/uploads\/2025\/01\/\u672a\u6807\u9898-2-700x700.jpg 700w, https:\/\/imar-machine.com\/wp-content\/uploads\/2025\/01\/\u672a\u6807\u9898-2-600x600.jpg 600w, https:\/\/imar-machine.com\/wp-content\/uploads\/2025\/01\/\u672a\u6807\u9898-2-100x100.jpg 100w\" sizes=\"(max-width: 750px) 100vw, 750px\" \/><\/p>\n<p>The entire biscuits production line is controlled by a CPU module, with a compact structure and a high degree of automation. The entire process from feeding to finished product packaging is completed automatically by mechatronics, which greatly improves production efficiency and product quality. In addition, according to different product requirements, this production line can also produce various types of biscuit products such as sandwich biscuits and tough biscuits.<\/p>\n<\/div>","protected":false},"excerpt":{"rendered":"<p>El Blanco Amante de las galletas de la l\u00ednea de producci\u00f3n conserva su sabor cl\u00e1sico, mientras que la adopci\u00f3n de una crujiente galleta de decisiones y en la formaci\u00f3n de moho, la reducci\u00f3n de costes en comparaci\u00f3n con los tradicionales m\u00e9todos de la capa. Se cubre de procesamiento de materia prima hasta el envasado. La l\u00ednea de producci\u00f3n incluye un mezclador, ascensor, alimentador, m\u00e1quina de laminaci\u00f3n, m\u00e1quina de formaci\u00f3n, separador, horno alimentador, horno de t\u00fanel, pulverizador de aceite, filtro de l\u00ednea de enfriamiento, y de llenado de la m\u00e1quina, asegur\u00e1ndose de producci\u00f3n totalmente automatizadas.<\/p>","protected":false},"featured_media":1401,"comment_status":"open","ping_status":"closed","template":"","meta":{"_acf_changed":false},"product_brand":[],"product_cat":[45],"product_tag":[],"class_list":{"0":"post-1327","1":"product","2":"type-product","3":"status-publish","4":"has-post-thumbnail","6":"product_cat-solutions","8":"first","9":"instock","10":"shipping-taxable","11":"product-type-simple"},"acf":[],"_links":{"self":[{"href":"https:\/\/imar-machine.com\/es\/wp-json\/wp\/v2\/product\/1327","targetHints":{"allow":["GET"]}}],"collection":[{"href":"https:\/\/imar-machine.com\/es\/wp-json\/wp\/v2\/product"}],"about":[{"href":"https:\/\/imar-machine.com\/es\/wp-json\/wp\/v2\/types\/product"}],"replies":[{"embeddable":true,"href":"https:\/\/imar-machine.com\/es\/wp-json\/wp\/v2\/comments?post=1327"}],"wp:featuredmedia":[{"embeddable":true,"href":"https:\/\/imar-machine.com\/es\/wp-json\/wp\/v2\/media\/1401"}],"wp:attachment":[{"href":"https:\/\/imar-machine.com\/es\/wp-json\/wp\/v2\/media?parent=1327"}],"wp:term":[{"taxonomy":"product_brand","embeddable":true,"href":"https:\/\/imar-machine.com\/es\/wp-json\/wp\/v2\/product_brand?post=1327"},{"taxonomy":"product_cat","embeddable":true,"href":"https:\/\/imar-machine.com\/es\/wp-json\/wp\/v2\/product_cat?post=1327"},{"taxonomy":"product_tag","embeddable":true,"href":"https:\/\/imar-machine.com\/es\/wp-json\/wp\/v2\/product_tag?post=1327"}],"curies":[{"name":"wp","href":"https:\/\/api.w.org\/{rel}","templated":true}]}}