{"id":1321,"date":"2025-01-19T08:12:08","date_gmt":"2025-01-19T08:12:08","guid":{"rendered":"http:\/\/192.168.0.104\/imar-machine\/?post_type=product&#038;p=1321"},"modified":"2025-02-13T06:41:05","modified_gmt":"2025-02-13T06:41:05","slug":"premix-system","status":"publish","type":"product","link":"https:\/\/imar-machine.com\/es\/product\/premix-system\/","title":{"rendered":"Silo y Pre-mezcla de Sistemas"},"content":{"rendered":"<ul>\n<li>Nuestro dosificaci\u00f3n y pre-mezcla del sistema puede dosis de polvos, tales como la harina y el az\u00facar en polvo. Tambi\u00e9n, puede dosificaci\u00f3n de l\u00edquidos y semi-l\u00edquidos tales como aceite de palma, miel, manteca y agua<\/li>\n<li>La adopci\u00f3n de la bomba sistema de transporte para el transporte de l\u00edquidos en el sellado de la tuber\u00eda. por el peso de los dispositivos de medici\u00f3n, la tolerancia es de menos de 1 LITRO. Para evitar receta desviaci\u00f3n causada por la densidad del material y la diferencia de temperatura en cada lote, no mediante la medici\u00f3n de flujo<\/li>\n<li>La harina de sistema de dosificaci\u00f3n constante de la bolsa de estaci\u00f3n de descarga, la harina discriminador de la palanca de cambios, harina de silo, la separaci\u00f3n magn\u00e9tica de la m\u00e1quina y el peso de la tolva.<\/li>\n<li>Esto s\u00f3lo se necesita una persona de operaci\u00f3n, independientemente de los hombres, las mujeres o los ni\u00f1os, c\u00f3modo y pr\u00e1ctico.<\/li>\n<li>Az\u00facar en polvo sistema de dosificaci\u00f3n consistentes en l\u00ednea, sistema de molienda (molienda de volumen por receta configuraci\u00f3n) Evitando la formaci\u00f3n de grumos y el bloqueo en el tubo, no hemos de almacenamiento de az\u00facar en polvo. S\u00f3lo utilizamos artificial vierte el az\u00facar o el almacenamiento de los gr\u00e1nulos de az\u00facar.<\/li>\n<li>Manteca y aceite de palma sistema de dosificaci\u00f3n est\u00e1 aislado en todo el proceso. De acuerdo a los diferentes punto de fusi\u00f3n de la manteca y el aceite de palma, nuestro sistema puede mantener el material en estado l\u00edquido adecuado para la tuber\u00eda de transporte bajo el menor consumo de energ\u00eda temperatura del aislamiento.<\/li>\n<\/ul>","protected":false},"excerpt":{"rendered":"<p>El<strong><b>\u00a0<\/b>silo sistema<\/strong> es adecuado para la cocci\u00f3n de las f\u00e1bricas con la higiene y la automatizaci\u00f3n de la demanda. La adopci\u00f3n eficiente, durable presi\u00f3n negativa transmitir sistema de tuber\u00edas y libre de polvo t\u00e9cnicas, que puede ser aplicado directamente en la galleta de la l\u00ednea, el pan de la l\u00ednea o de otras l\u00edneas de pasteler\u00eda sin necesidad de cambiar el actual l\u00edneas de producci\u00f3n.<\/p>","protected":false},"featured_media":1353,"comment_status":"open","ping_status":"closed","template":"","meta":{"_acf_changed":false},"product_brand":[],"product_cat":[90,95],"product_tag":[],"class_list":{"0":"post-1321","1":"product","2":"type-product","3":"status-publish","4":"has-post-thumbnail","6":"product_cat-products","7":"product_cat-others","9":"first","10":"instock","11":"shipping-taxable","12":"product-type-simple"},"acf":[],"_links":{"self":[{"href":"https:\/\/imar-machine.com\/es\/wp-json\/wp\/v2\/product\/1321","targetHints":{"allow":["GET"]}}],"collection":[{"href":"https:\/\/imar-machine.com\/es\/wp-json\/wp\/v2\/product"}],"about":[{"href":"https:\/\/imar-machine.com\/es\/wp-json\/wp\/v2\/types\/product"}],"replies":[{"embeddable":true,"href":"https:\/\/imar-machine.com\/es\/wp-json\/wp\/v2\/comments?post=1321"}],"wp:featuredmedia":[{"embeddable":true,"href":"https:\/\/imar-machine.com\/es\/wp-json\/wp\/v2\/media\/1353"}],"wp:attachment":[{"href":"https:\/\/imar-machine.com\/es\/wp-json\/wp\/v2\/media?parent=1321"}],"wp:term":[{"taxonomy":"product_brand","embeddable":true,"href":"https:\/\/imar-machine.com\/es\/wp-json\/wp\/v2\/product_brand?post=1321"},{"taxonomy":"product_cat","embeddable":true,"href":"https:\/\/imar-machine.com\/es\/wp-json\/wp\/v2\/product_cat?post=1321"},{"taxonomy":"product_tag","embeddable":true,"href":"https:\/\/imar-machine.com\/es\/wp-json\/wp\/v2\/product_tag?post=1321"}],"curies":[{"name":"wp","href":"https:\/\/api.w.org\/{rel}","templated":true}]}}