{"id":1231,"date":"2025-01-16T13:13:15","date_gmt":"2025-01-16T13:13:15","guid":{"rendered":"http:\/\/192.168.0.104\/imar-machine\/?post_type=product&#038;p=1231"},"modified":"2025-02-13T06:49:15","modified_gmt":"2025-02-13T06:49:15","slug":"gauge-roller-machine","status":"publish","type":"product","link":"https:\/\/imar-machine.com\/es\/product\/gauge-roller-machine\/","title":{"rendered":"BCD Medidor de la M\u00e1quina del Rodillo de"},"content":{"rendered":"<p>&nbsp;<\/p>\n<ul>\n<li>F\u00e1cil de mantener y limpiar: El dise\u00f1o se centra en el sentido pr\u00e1ctico, que es conveniente para el mantenimiento diario y la limpieza a fondo.<\/li>\n<\/ul>","protected":false},"excerpt":{"rendered":"<p>B, C, D tipo de m\u00e1quinas laminadoras y la masa de aflojamiento de los dispositivos: B, C, D tipo de m\u00e1quinas laminadoras de enrollar la masa tres veces, y el uso de la masa de aflojar el mecanismo de fina de la masa y formar un uniforme de la forma de onda de la eliminaci\u00f3n de los residuos de la tensi\u00f3n interna de la masa y el cumplimiento de los requisitos para la producci\u00f3n de galletas en blanco.<\/p>","protected":false},"featured_media":1373,"comment_status":"open","ping_status":"closed","template":"","meta":{"_acf_changed":false},"product_brand":[],"product_cat":[90,93],"product_tag":[],"class_list":{"0":"post-1231","1":"product","2":"type-product","3":"status-publish","4":"has-post-thumbnail","6":"product_cat-products","7":"product_cat-forming-machine","9":"first","10":"instock","11":"shipping-taxable","12":"product-type-simple"},"acf":[],"_links":{"self":[{"href":"https:\/\/imar-machine.com\/es\/wp-json\/wp\/v2\/product\/1231","targetHints":{"allow":["GET"]}}],"collection":[{"href":"https:\/\/imar-machine.com\/es\/wp-json\/wp\/v2\/product"}],"about":[{"href":"https:\/\/imar-machine.com\/es\/wp-json\/wp\/v2\/types\/product"}],"replies":[{"embeddable":true,"href":"https:\/\/imar-machine.com\/es\/wp-json\/wp\/v2\/comments?post=1231"}],"wp:featuredmedia":[{"embeddable":true,"href":"https:\/\/imar-machine.com\/es\/wp-json\/wp\/v2\/media\/1373"}],"wp:attachment":[{"href":"https:\/\/imar-machine.com\/es\/wp-json\/wp\/v2\/media?parent=1231"}],"wp:term":[{"taxonomy":"product_brand","embeddable":true,"href":"https:\/\/imar-machine.com\/es\/wp-json\/wp\/v2\/product_brand?post=1231"},{"taxonomy":"product_cat","embeddable":true,"href":"https:\/\/imar-machine.com\/es\/wp-json\/wp\/v2\/product_cat?post=1231"},{"taxonomy":"product_tag","embeddable":true,"href":"https:\/\/imar-machine.com\/es\/wp-json\/wp\/v2\/product_tag?post=1231"}],"curies":[{"name":"wp","href":"https:\/\/api.w.org\/{rel}","templated":true}]}}